{"id":646,"date":"2021-11-04T09:26:27","date_gmt":"2021-11-04T09:26:27","guid":{"rendered":"https:\/\/affenage.com\/?page_id=646"},"modified":"2021-12-07T16:28:25","modified_gmt":"2021-12-07T16:28:25","slug":"chef-a-domicile","status":"publish","type":"page","link":"https:\/\/affenage.com\/fr\/chef-a-domicile\/","title":{"rendered":"Chef \u00e0 domicile"},"content":{"rendered":"<p>[et_pb_section fb_built=\u00a0\u00bb1&Prime; fullwidth=\u00a0\u00bbon\u00a0\u00bb admin_label=\u00a0\u00bbHero\u00a0\u00bb _builder_version=\u00a0\u00bb3.22&Prime; background_color=\u00a0\u00bb#233b4e\u00a0\u00bb parallax=\u00a0\u00bbon\u00a0\u00bb custom_padding=\u00a0\u00bb0px|0px|0px|0px\u00a0\u00bb global_colors_info=\u00a0\u00bb{}\u00a0\u00bb][et_pb_fullwidth_header title=\u00a0\u00bbChef \u00e0 domicile\u00a0\u00bb button_one_text=\u00a0\u00bbNous contacter\u00a0\u00bb background_overlay_color=\u00a0\u00bbrgba(29,38,51,0.42)\u00a0\u00bb content_max_width=\u00a0\u00bb700px\u00a0\u00bb admin_label=\u00a0\u00bbHero Section\u00a0\u00bb _builder_version=\u00a0\u00bb4.10.8&Prime; title_font=\u00a0\u00bbOswald|on||on|\u00a0\u00bb title_font_size=\u00a0\u00bb80px\u00a0\u00bb title_line_height=\u00a0\u00bb1.3em\u00a0\u00bb content_font=\u00a0\u00bbABeeZee|||on|||||\u00a0\u00bb content_text_color=\u00a0\u00bb#ffffff\u00a0\u00bb subhead_font=\u00a0\u00bbABeeZee|300|||||||\u00a0\u00bb subhead_text_color=\u00a0\u00bb#FFFFFF\u00a0\u00bb background_color=\u00a0\u00bbrgba(255, 255, 255, 0)\u00a0\u00bb background_image=\u00a0\u00bbhttps:\/\/affenage.com\/wp-content\/uploads\/2021\/09\/raviole-scaled.jpeg\u00a0\u00bb parallax=\u00a0\u00bbon\u00a0\u00bb parallax_method=\u00a0\u00bbon\u00a0\u00bb custom_button_one=\u00a0\u00bbon\u00a0\u00bb button_one_text_size=\u00a0\u00bb14px\u00a0\u00bb button_one_border_radius=\u00a0\u00bb0px\u00a0\u00bb button_one_letter_spacing=\u00a0\u00bb4px\u00a0\u00bb button_one_font=\u00a0\u00bbOswald|on||on|\u00a0\u00bb button_one_icon=\u00a0\u00bb%%3%%\u00a0\u00bb button_one_icon_color=\u00a0\u00bb#ffffff\u00a0\u00bb custom_margin=\u00a0\u00bb|||\u00a0\u00bb custom_padding=\u00a0\u00bb150px||150px|\u00a0\u00bb custom_padding_tablet=\u00a0\u00bb60px||60px|\u00a0\u00bb custom_padding_phone=\u00a0\u00bb\u00a0\u00bb custom_padding_last_edited=\u00a0\u00bbon|tablet\u00a0\u00bb animation_style=\u00a0\u00bbzoom\u00a0\u00bb animation_direction=\u00a0\u00bbbottom\u00a0\u00bb animation_intensity_zoom=\u00a0\u00bb4%\u00a0\u00bb button_one_text_color_hover=\u00a0\u00bb#ffffff\u00a0\u00bb button_one_border_color_hover=\u00a0\u00bb#ffffff\u00a0\u00bb button_one_border_radius_hover=\u00a0\u00bb0px\u00a0\u00bb button_one_letter_spacing_hover=\u00a0\u00bb4px\u00a0\u00bb button_one_bg_color_hover=\u00a0\u00bbrgba(0,0,0,0)\u00a0\u00bb global_colors_info=\u00a0\u00bb{}\u00a0\u00bb button_one_text_size__hover_enabled=\u00a0\u00bboff\u00a0\u00bb button_two_text_size__hover_enabled=\u00a0\u00bboff\u00a0\u00bb button_one_text_color__hover_enabled=\u00a0\u00bbon\u00a0\u00bb button_one_text_color__hover=\u00a0\u00bb#ffffff\u00a0\u00bb button_two_text_color__hover_enabled=\u00a0\u00bboff\u00a0\u00bb button_one_border_width__hover_enabled=\u00a0\u00bboff\u00a0\u00bb button_two_border_width__hover_enabled=\u00a0\u00bboff\u00a0\u00bb button_one_border_color__hover_enabled=\u00a0\u00bbon\u00a0\u00bb button_one_border_color__hover=\u00a0\u00bb#ffffff\u00a0\u00bb button_two_border_color__hover_enabled=\u00a0\u00bboff\u00a0\u00bb button_one_border_radius__hover_enabled=\u00a0\u00bbon\u00a0\u00bb button_one_border_radius__hover=\u00a0\u00bb0px\u00a0\u00bb button_two_border_radius__hover_enabled=\u00a0\u00bboff\u00a0\u00bb button_one_letter_spacing__hover_enabled=\u00a0\u00bbon\u00a0\u00bb button_one_letter_spacing__hover=\u00a0\u00bb4px\u00a0\u00bb button_two_letter_spacing__hover_enabled=\u00a0\u00bboff\u00a0\u00bb button_one_bg_color__hover_enabled=\u00a0\u00bbon\u00a0\u00bb button_one_bg_color__hover=\u00a0\u00bbrgba(0,0,0,0)\u00a0\u00bb button_two_bg_color__hover_enabled=\u00a0\u00bboff\u00a0\u00bb]<\/p>\n<p><span>L&rsquo;affenage s\u2019occupe de tout! A vous les soir\u00e9es m\u00e9morables en tant qu\u2019h\u00f4te!<\/span><\/p>\n<p>[\/et_pb_fullwidth_header][\/et_pb_section][et_pb_section fb_built=\u00a0\u00bb1&Prime; _builder_version=\u00a0\u00bb3.22&Prime; custom_padding=\u00a0\u00bb69px||3px|||\u00a0\u00bb global_colors_info=\u00a0\u00bb{}\u00a0\u00bb][et_pb_row column_structure=\u00a0\u00bb1_2,1_2&Prime; _builder_version=\u00a0\u00bb3.25&Prime; global_colors_info=\u00a0\u00bb{}\u00a0\u00bb][et_pb_column type=\u00a0\u00bb1_2&Prime; _builder_version=\u00a0\u00bb3.25&Prime; custom_padding=\u00a0\u00bb|||\u00a0\u00bb global_colors_info=\u00a0\u00bb{}\u00a0\u00bb custom_padding__hover=\u00a0\u00bb|||\u00a0\u00bb][et_pb_text admin_label=\u00a0\u00bbDiscover Beatuty Title\u00a0\u00bb _builder_version=\u00a0\u00bb4.10.8&Prime; text_font=\u00a0\u00bb||||\u00a0\u00bb text_text_color=\u00a0\u00bb#1a1a1a\u00a0\u00bb header_font=\u00a0\u00bbOswald|on||on|\u00a0\u00bb header_text_align=\u00a0\u00bbleft\u00a0\u00bb header_font_size=\u00a0\u00bb60px\u00a0\u00bb header_line_height=\u00a0\u00bb1.3em\u00a0\u00bb animation_style=\u00a0\u00bbslide\u00a0\u00bb animation_direction=\u00a0\u00bb%22fade_in%22&Prime; animation_duration=\u00a0\u00bb500ms\u00a0\u00bb animation_intensity_slide=\u00a0\u00bb10%\u00a0\u00bb global_colors_info=\u00a0\u00bb{}\u00a0\u00bb]<\/p>\n<h1><span>Votre cuisine, notre savoir faire!<\/span><\/h1>\n<p>[\/et_pb_text][et_pb_text admin_label=\u00a0\u00bbDiscover Beatuty Sub Title\u00a0\u00bb _builder_version=\u00a0\u00bb4.10.8&Prime; text_font=\u00a0\u00bbABeeZee||||||||\u00a0\u00bb text_text_color=\u00a0\u00bb#1a1a1a\u00a0\u00bb text_font_size=\u00a0\u00bb24px\u00a0\u00bb text_line_height=\u00a0\u00bb1.4em\u00a0\u00bb animation_style=\u00a0\u00bbslide\u00a0\u00bb animation_direction=\u00a0\u00bbtop\u00a0\u00bb animation_delay=\u00a0\u00bb100ms\u00a0\u00bb animation_intensity_slide=\u00a0\u00bb10%\u00a0\u00bb global_colors_info=\u00a0\u00bb{}\u00a0\u00bb]<\/p>\n<p>Vous d\u00e9sirez profiter enfin de votre tabl\u00e9e?<\/p>\n<p>[\/et_pb_text][et_pb_divider color=\u00a0\u00bb#BAA756&Prime; divider_position=\u00a0\u00bbcenter\u00a0\u00bb divider_weight=\u00a0\u00bb3px\u00a0\u00bb disabled_on=\u00a0\u00bboff|off|off\u00a0\u00bb _builder_version=\u00a0\u00bb4.10.8&Prime; max_width=\u00a0\u00bb150px\u00a0\u00bb height=\u00a0\u00bbfalse\u00a0\u00bb animation_style=\u00a0\u00bbslide\u00a0\u00bb animation_direction=\u00a0\u00bbtop\u00a0\u00bb animation_delay=\u00a0\u00bb200ms\u00a0\u00bb animation_intensity_slide=\u00a0\u00bb10%\u00a0\u00bb global_colors_info=\u00a0\u00bb{}\u00a0\u00bb][\/et_pb_divider][et_pb_text disabled_on=\u00a0\u00bbon|on|off%22%22&Prime; admin_label=\u00a0\u00bbDiscover Beatuty Text\u00a0\u00bb _builder_version=\u00a0\u00bb4.10.8&Prime; text_font=\u00a0\u00bbABeeZee||||||||\u00a0\u00bb text_font_size=\u00a0\u00bb16px\u00a0\u00bb text_line_height=\u00a0\u00bb1.9em\u00a0\u00bb custom_margin=\u00a0\u00bb-5px||-3px|||\u00a0\u00bb custom_padding=\u00a0\u00bb30px||0px|||\u00a0\u00bb animation_style=\u00a0\u00bbslide\u00a0\u00bb animation_direction=\u00a0\u00bbtop\u00a0\u00bb animation_delay=\u00a0\u00bb300ms\u00a0\u00bb animation_intensity_slide=\u00a0\u00bb10%\u00a0\u00bb global_colors_info=\u00a0\u00bb{}\u00a0\u00bb]<\/p>\n<p><strong>Vous aimez recevoir<\/strong><span>\u00a0<\/span>vos amis ou vos relations professionnelles \u00e0 la maison, mais vous en avez assez de passer votre temps dans la cuisine?<br \/><span><strong>Le service de chef \u00e0 domicile de l&rsquo;affenage<\/strong>\u00a0est fait pour vous! Une seule mission: faire de votre repas un moment de d\u00e9tente et de satisfaction absolu!<\/span><\/p>\n<p>&nbsp;<\/p>\n<p>[\/et_pb_text][et_pb_text admin_label=\u00a0\u00bbDiscover Beatuty Title\u00a0\u00bb _builder_version=\u00a0\u00bb4.10.8&Prime; text_font=\u00a0\u00bbOswald|700||on|||||\u00a0\u00bb text_text_color=\u00a0\u00bb#444444&Prime; header_font=\u00a0\u00bbOswald|on||on|\u00a0\u00bb header_text_align=\u00a0\u00bbleft\u00a0\u00bb header_font_size=\u00a0\u00bb50px\u00a0\u00bb header_line_height=\u00a0\u00bb1.3em\u00a0\u00bb animation_style=\u00a0\u00bbslide\u00a0\u00bb animation_direction=\u00a0\u00bb%22fade_in%22&Prime; animation_duration=\u00a0\u00bb500ms\u00a0\u00bb animation_intensity_slide=\u00a0\u00bb10%\u00a0\u00bb hover_enabled=\u00a0\u00bb0&Prime; global_colors_info=\u00a0\u00bb{}\u00a0\u00bb sticky_enabled=\u00a0\u00bb0&Prime; text_font_size=\u00a0\u00bb55px\u00a0\u00bb]<\/p>\n<p><span>Oui, c&rsquo;est possible!<\/span><\/p>\n<p>[\/et_pb_text][et_pb_text disabled_on=\u00a0\u00bbon|on|off%22%22&Prime; admin_label=\u00a0\u00bbDiscover Beatuty Text\u00a0\u00bb _builder_version=\u00a0\u00bb4.10.8&Prime; text_font=\u00a0\u00bbABeeZee||||||||\u00a0\u00bb text_font_size=\u00a0\u00bb16px\u00a0\u00bb text_line_height=\u00a0\u00bb1.9em\u00a0\u00bb custom_margin=\u00a0\u00bb-5px|||||\u00a0\u00bb custom_padding=\u00a0\u00bb0px|||||\u00a0\u00bb animation_style=\u00a0\u00bbslide\u00a0\u00bb animation_direction=\u00a0\u00bbtop\u00a0\u00bb animation_delay=\u00a0\u00bb300ms\u00a0\u00bb animation_intensity_slide=\u00a0\u00bb10%\u00a0\u00bb global_colors_info=\u00a0\u00bb{}\u00a0\u00bb]<\/p>\n<p>Offrez-vous la chance de recevoir vos invit\u00e9s sans avoir \u00e0 vous pr\u00e9occuper de la partie la plus importante et la plus d\u00e9licate: le repas et les courses!<br \/>L&rsquo;affenage s\u2019occupe de tout! A vous les soir\u00e9es m\u00e9morables en tant qu\u2019h\u00f4te!<br \/>Demandez nos formules,<span>\u00a0<\/span><strong>L&rsquo;Affenage se d\u00e9place<\/strong><span>\u00a0<\/span>\u00e0 partir de tr\u00e8s petits groupes et compose les menus selon vos envies et budget.<\/p>\n<p>[\/et_pb_text][\/et_pb_column][et_pb_column type=\u00a0\u00bb1_2&Prime; _builder_version=\u00a0\u00bb3.25&Prime; custom_padding=\u00a0\u00bb|||\u00a0\u00bb global_colors_info=\u00a0\u00bb{}\u00a0\u00bb custom_padding__hover=\u00a0\u00bb|||\u00a0\u00bb][et_pb_image src=\u00a0\u00bbhttps:\/\/affenage.com\/wp-content\/uploads\/2021\/11\/serv-traiteur.jpg\u00a0\u00bb title_text=\u00a0\u00bbserv-traiteur\u00a0\u00bb force_fullwidth=\u00a0\u00bbon\u00a0\u00bb align_tablet=\u00a0\u00bbcenter\u00a0\u00bb align_phone=\u00a0\u00bb\u00a0\u00bb align_last_edited=\u00a0\u00bbon|desktop\u00a0\u00bb _builder_version=\u00a0\u00bb4.10.8&Prime; custom_margin=\u00a0\u00bb90px|||50px|false|false\u00a0\u00bb custom_margin_tablet=\u00a0\u00bb\u00a0\u00bb custom_margin_phone=\u00a0\u00bb|||0px|false|false\u00a0\u00bb custom_margin_last_edited=\u00a0\u00bbon|phone\u00a0\u00bb animation_style=\u00a0\u00bbfold\u00a0\u00bb animation_direction=\u00a0\u00bbright\u00a0\u00bb animation_intensity_fold=\u00a0\u00bb20%\u00a0\u00bb animation=\u00a0\u00bbfade_in\u00a0\u00bb global_colors_info=\u00a0\u00bb{}\u00a0\u00bb][\/et_pb_image][et_pb_button button_text=\u00a0\u00bbNous contacter\u00a0\u00bb button_alignment=\u00a0\u00bbright\u00a0\u00bb _builder_version=\u00a0\u00bb4.10.8&Prime; _module_preset=\u00a0\u00bbdefault\u00a0\u00bb custom_button=\u00a0\u00bbon\u00a0\u00bb button_text_size=\u00a0\u00bb14px\u00a0\u00bb button_text_color=\u00a0\u00bb#FFFFFF\u00a0\u00bb button_bg_color=\u00a0\u00bb#BAA756&Prime; button_font=\u00a0\u00bb|||on|||||\u00a0\u00bb custom_margin=\u00a0\u00bb|-50px|||false|false\u00a0\u00bb custom_margin_tablet=\u00a0\u00bb\u00a0\u00bb custom_margin_phone=\u00a0\u00bb|0px|||false|false\u00a0\u00bb custom_margin_last_edited=\u00a0\u00bbon|phone\u00a0\u00bb global_colors_info=\u00a0\u00bb{}\u00a0\u00bb][\/et_pb_button][\/et_pb_column][\/et_pb_row][\/et_pb_section]<\/p>\n","protected":false},"excerpt":{"rendered":"<p>L&rsquo;affenage s\u2019occupe de tout! A vous les soir\u00e9es m\u00e9morables en tant qu\u2019h\u00f4te!Votre cuisine, notre savoir faire!Vous d\u00e9sirez profiter enfin de votre tabl\u00e9e?Vous aimez recevoir\u00a0vos amis ou vos relations professionnelles \u00e0 la maison, mais vous en avez assez de passer votre temps dans la cuisine?Le service de chef \u00e0 domicile de l&rsquo;affenage\u00a0est fait pour vous! Une [&hellip;]<\/p>\n","protected":false},"author":1,"featured_media":0,"parent":0,"menu_order":0,"comment_status":"closed","ping_status":"closed","template":"","meta":{"_et_pb_use_builder":"on","_et_pb_old_content":"","_et_gb_content_width":"","footnotes":""},"class_list":["post-646","page","type-page","status-publish","hentry"],"yoast_head":"<!-- This site is optimized with the Yoast SEO plugin v27.2 - https:\/\/yoast.com\/product\/yoast-seo-wordpress\/ -->\n<title>Chef \u00e0 domicile | Affenage<\/title>\n<meta name=\"robots\" content=\"index, follow, max-snippet:-1, max-image-preview:large, max-video-preview:-1\" \/>\n<link rel=\"canonical\" href=\"https:\/\/affenage.com\/fr\/chef-a-domicile\/\" \/>\n<meta property=\"og:locale\" content=\"fr_FR\" \/>\n<meta property=\"og:type\" content=\"article\" \/>\n<meta property=\"og:title\" content=\"Chef \u00e0 domicile | Affenage\" \/>\n<meta property=\"og:description\" content=\"L&#039;affenage s\u2019occupe de tout! A vous les soir\u00e9es m\u00e9morables en tant qu\u2019h\u00f4te!Votre cuisine, notre savoir faire!Vous d\u00e9sirez profiter enfin de votre tabl\u00e9e?Vous aimez recevoir\u00a0vos amis ou vos relations professionnelles \u00e0 la maison, mais vous en avez assez de passer votre temps dans la cuisine?Le service de chef \u00e0 domicile de l&#039;affenage\u00a0est fait pour vous! Une [&hellip;]\" \/>\n<meta property=\"og:url\" content=\"https:\/\/affenage.com\/fr\/chef-a-domicile\/\" \/>\n<meta property=\"og:site_name\" content=\"Affenage\" \/>\n<meta property=\"article:publisher\" content=\"https:\/\/www.facebook.com\/laffenage\" \/>\n<meta property=\"article:modified_time\" content=\"2021-12-07T16:28:25+00:00\" \/>\n<meta name=\"twitter:card\" content=\"summary_large_image\" \/>\n<meta name=\"twitter:label1\" content=\"Dur\u00e9e de lecture estim\u00e9e\" \/>\n\t<meta name=\"twitter:data1\" content=\"5 minutes\" \/>\n<script type=\"application\/ld+json\" class=\"yoast-schema-graph\">{\"@context\":\"https:\/\/schema.org\",\"@graph\":[{\"@type\":\"WebPage\",\"@id\":\"https:\/\/affenage.com\/fr\/chef-a-domicile\/\",\"url\":\"https:\/\/affenage.com\/fr\/chef-a-domicile\/\",\"name\":\"Chef \u00e0 domicile | Affenage\",\"isPartOf\":{\"@id\":\"https:\/\/affenage.com\/fr\/#website\"},\"datePublished\":\"2021-11-04T09:26:27+00:00\",\"dateModified\":\"2021-12-07T16:28:25+00:00\",\"breadcrumb\":{\"@id\":\"https:\/\/affenage.com\/fr\/chef-a-domicile\/#breadcrumb\"},\"inLanguage\":\"fr-FR\",\"potentialAction\":[{\"@type\":\"ReadAction\",\"target\":[\"https:\/\/affenage.com\/fr\/chef-a-domicile\/\"]}]},{\"@type\":\"BreadcrumbList\",\"@id\":\"https:\/\/affenage.com\/fr\/chef-a-domicile\/#breadcrumb\",\"itemListElement\":[{\"@type\":\"ListItem\",\"position\":1,\"name\":\"Accueil\",\"item\":\"https:\/\/affenage.com\/fr\/\"},{\"@type\":\"ListItem\",\"position\":2,\"name\":\"Chef \u00e0 domicile\"}]},{\"@type\":\"WebSite\",\"@id\":\"https:\/\/affenage.com\/fr\/#website\",\"url\":\"https:\/\/affenage.com\/fr\/\",\"name\":\"L'Affenage\",\"description\":\"H\u00f4tel - Restaurant\",\"potentialAction\":[{\"@type\":\"SearchAction\",\"target\":{\"@type\":\"EntryPoint\",\"urlTemplate\":\"https:\/\/affenage.com\/fr\/?s={search_term_string}\"},\"query-input\":{\"@type\":\"PropertyValueSpecification\",\"valueRequired\":true,\"valueName\":\"search_term_string\"}}],\"inLanguage\":\"fr-FR\"}]}<\/script>\n<!-- \/ Yoast SEO plugin. -->","yoast_head_json":{"title":"Chef \u00e0 domicile | Affenage","robots":{"index":"index","follow":"follow","max-snippet":"max-snippet:-1","max-image-preview":"max-image-preview:large","max-video-preview":"max-video-preview:-1"},"canonical":"https:\/\/affenage.com\/fr\/chef-a-domicile\/","og_locale":"fr_FR","og_type":"article","og_title":"Chef \u00e0 domicile | Affenage","og_description":"L'affenage s\u2019occupe de tout! A vous les soir\u00e9es m\u00e9morables en tant qu\u2019h\u00f4te!Votre cuisine, notre savoir faire!Vous d\u00e9sirez profiter enfin de votre tabl\u00e9e?Vous aimez recevoir\u00a0vos amis ou vos relations professionnelles \u00e0 la maison, mais vous en avez assez de passer votre temps dans la cuisine?Le service de chef \u00e0 domicile de l'affenage\u00a0est fait pour vous! Une [&hellip;]","og_url":"https:\/\/affenage.com\/fr\/chef-a-domicile\/","og_site_name":"Affenage","article_publisher":"https:\/\/www.facebook.com\/laffenage","article_modified_time":"2021-12-07T16:28:25+00:00","twitter_card":"summary_large_image","twitter_misc":{"Dur\u00e9e de lecture estim\u00e9e":"5 minutes"},"schema":{"@context":"https:\/\/schema.org","@graph":[{"@type":"WebPage","@id":"https:\/\/affenage.com\/fr\/chef-a-domicile\/","url":"https:\/\/affenage.com\/fr\/chef-a-domicile\/","name":"Chef \u00e0 domicile | Affenage","isPartOf":{"@id":"https:\/\/affenage.com\/fr\/#website"},"datePublished":"2021-11-04T09:26:27+00:00","dateModified":"2021-12-07T16:28:25+00:00","breadcrumb":{"@id":"https:\/\/affenage.com\/fr\/chef-a-domicile\/#breadcrumb"},"inLanguage":"fr-FR","potentialAction":[{"@type":"ReadAction","target":["https:\/\/affenage.com\/fr\/chef-a-domicile\/"]}]},{"@type":"BreadcrumbList","@id":"https:\/\/affenage.com\/fr\/chef-a-domicile\/#breadcrumb","itemListElement":[{"@type":"ListItem","position":1,"name":"Accueil","item":"https:\/\/affenage.com\/fr\/"},{"@type":"ListItem","position":2,"name":"Chef \u00e0 domicile"}]},{"@type":"WebSite","@id":"https:\/\/affenage.com\/fr\/#website","url":"https:\/\/affenage.com\/fr\/","name":"L'Affenage","description":"H\u00f4tel - Restaurant","potentialAction":[{"@type":"SearchAction","target":{"@type":"EntryPoint","urlTemplate":"https:\/\/affenage.com\/fr\/?s={search_term_string}"},"query-input":{"@type":"PropertyValueSpecification","valueRequired":true,"valueName":"search_term_string"}}],"inLanguage":"fr-FR"}]}},"_links":{"self":[{"href":"https:\/\/affenage.com\/fr\/wp-json\/wp\/v2\/pages\/646","targetHints":{"allow":["GET"]}}],"collection":[{"href":"https:\/\/affenage.com\/fr\/wp-json\/wp\/v2\/pages"}],"about":[{"href":"https:\/\/affenage.com\/fr\/wp-json\/wp\/v2\/types\/page"}],"author":[{"embeddable":true,"href":"https:\/\/affenage.com\/fr\/wp-json\/wp\/v2\/users\/1"}],"replies":[{"embeddable":true,"href":"https:\/\/affenage.com\/fr\/wp-json\/wp\/v2\/comments?post=646"}],"version-history":[{"count":8,"href":"https:\/\/affenage.com\/fr\/wp-json\/wp\/v2\/pages\/646\/revisions"}],"predecessor-version":[{"id":1297,"href":"https:\/\/affenage.com\/fr\/wp-json\/wp\/v2\/pages\/646\/revisions\/1297"}],"wp:attachment":[{"href":"https:\/\/affenage.com\/fr\/wp-json\/wp\/v2\/media?parent=646"}],"curies":[{"name":"wp","href":"https:\/\/api.w.org\/{rel}","templated":true}]}}