{"id":55,"date":"2021-09-25T09:43:44","date_gmt":"2021-09-25T09:43:44","guid":{"rendered":"https:\/\/affenage.com\/?page_id=55"},"modified":"2021-11-16T20:19:19","modified_gmt":"2021-11-16T20:19:19","slug":"la-region-2","status":"publish","type":"page","link":"https:\/\/affenage.com\/fr\/la-region-2\/","title":{"rendered":"La r\u00e9gion"},"content":{"rendered":"<p>[et_pb_section fb_built=\u00a0\u00bb1&Prime; fullwidth=\u00a0\u00bbon\u00a0\u00bb admin_label=\u00a0\u00bbHero\u00a0\u00bb _builder_version=\u00a0\u00bb3.22&Prime; background_color=\u00a0\u00bb#233b4e\u00a0\u00bb parallax=\u00a0\u00bbon\u00a0\u00bb custom_padding=\u00a0\u00bb0px|0px|0px|0px\u00a0\u00bb global_colors_info=\u00a0\u00bb{}\u00a0\u00bb][et_pb_fullwidth_header title=\u00a0\u00bbLa r\u00e9gion\u00a0\u00bb button_one_text=\u00a0\u00bbNous contacter\u00a0\u00bb background_overlay_color=\u00a0\u00bbrgba(29,38,51,0.42)\u00a0\u00bb content_max_width=\u00a0\u00bb700px\u00a0\u00bb admin_label=\u00a0\u00bbHero Section\u00a0\u00bb _builder_version=\u00a0\u00bb4.10.8&Prime; title_font=\u00a0\u00bbOswald|on||on|\u00a0\u00bb title_font_size=\u00a0\u00bb80px\u00a0\u00bb title_line_height=\u00a0\u00bb1.3em\u00a0\u00bb content_font=\u00a0\u00bbABeeZee|300||on|||||\u00a0\u00bb content_text_color=\u00a0\u00bb#BAA756&Prime; subhead_font=\u00a0\u00bbABeeZee|300|||||||\u00a0\u00bb subhead_text_color=\u00a0\u00bb#FFFFFF\u00a0\u00bb background_color=\u00a0\u00bbrgba(255, 255, 255, 0)\u00a0\u00bb background_image=\u00a0\u00bbhttps:\/\/affenage.com\/wp-content\/uploads\/2021\/09\/raviole-scaled.jpeg\u00a0\u00bb parallax=\u00a0\u00bbon\u00a0\u00bb parallax_method=\u00a0\u00bbon\u00a0\u00bb custom_button_one=\u00a0\u00bbon\u00a0\u00bb button_one_text_size=\u00a0\u00bb14px\u00a0\u00bb button_one_border_radius=\u00a0\u00bb0px\u00a0\u00bb button_one_letter_spacing=\u00a0\u00bb4px\u00a0\u00bb button_one_font=\u00a0\u00bbOswald|on||on|\u00a0\u00bb button_one_icon=\u00a0\u00bb%%3%%\u00a0\u00bb button_one_icon_color=\u00a0\u00bb#ffffff\u00a0\u00bb custom_margin=\u00a0\u00bb|||\u00a0\u00bb custom_padding=\u00a0\u00bb150px||150px|\u00a0\u00bb custom_padding_tablet=\u00a0\u00bb60px||60px|\u00a0\u00bb custom_padding_phone=\u00a0\u00bb\u00a0\u00bb custom_padding_last_edited=\u00a0\u00bbon|tablet\u00a0\u00bb animation_style=\u00a0\u00bbzoom\u00a0\u00bb animation_direction=\u00a0\u00bbbottom\u00a0\u00bb animation_intensity_zoom=\u00a0\u00bb4%\u00a0\u00bb button_one_text_color_hover=\u00a0\u00bb#ffffff\u00a0\u00bb button_one_border_color_hover=\u00a0\u00bb#ffffff\u00a0\u00bb button_one_border_radius_hover=\u00a0\u00bb0px\u00a0\u00bb button_one_letter_spacing_hover=\u00a0\u00bb4px\u00a0\u00bb button_one_bg_color_hover=\u00a0\u00bbrgba(0,0,0,0)\u00a0\u00bb global_colors_info=\u00a0\u00bb{}\u00a0\u00bb button_one_text_size__hover_enabled=\u00a0\u00bboff\u00a0\u00bb button_two_text_size__hover_enabled=\u00a0\u00bboff\u00a0\u00bb button_one_text_color__hover_enabled=\u00a0\u00bbon\u00a0\u00bb button_one_text_color__hover=\u00a0\u00bb#ffffff\u00a0\u00bb button_two_text_color__hover_enabled=\u00a0\u00bboff\u00a0\u00bb button_one_border_width__hover_enabled=\u00a0\u00bboff\u00a0\u00bb button_two_border_width__hover_enabled=\u00a0\u00bboff\u00a0\u00bb button_one_border_color__hover_enabled=\u00a0\u00bbon\u00a0\u00bb button_one_border_color__hover=\u00a0\u00bb#ffffff\u00a0\u00bb button_two_border_color__hover_enabled=\u00a0\u00bboff\u00a0\u00bb button_one_border_radius__hover_enabled=\u00a0\u00bbon\u00a0\u00bb button_one_border_radius__hover=\u00a0\u00bb0px\u00a0\u00bb button_two_border_radius__hover_enabled=\u00a0\u00bboff\u00a0\u00bb button_one_letter_spacing__hover_enabled=\u00a0\u00bbon\u00a0\u00bb button_one_letter_spacing__hover=\u00a0\u00bb4px\u00a0\u00bb button_two_letter_spacing__hover_enabled=\u00a0\u00bboff\u00a0\u00bb button_one_bg_color__hover_enabled=\u00a0\u00bbon\u00a0\u00bb button_one_bg_color__hover=\u00a0\u00bbrgba(0,0,0,0)\u00a0\u00bb button_two_bg_color__hover_enabled=\u00a0\u00bboff\u00a0\u00bb]<\/p>\n<p>Activit\u00e9s &amp; saveurs gourmandes au coeur des Ardennes&#8230;<\/p>\n<p>[\/et_pb_fullwidth_header][\/et_pb_section][et_pb_section fb_built=\u00a0\u00bb1&Prime; _builder_version=\u00a0\u00bb3.22&Prime; custom_padding=\u00a0\u00bb69px||3px|||\u00a0\u00bb global_colors_info=\u00a0\u00bb{}\u00a0\u00bb][et_pb_row column_structure=\u00a0\u00bb1_2,1_2&Prime; _builder_version=\u00a0\u00bb4.10.8&Prime; hover_enabled=\u00a0\u00bb0&Prime; global_colors_info=\u00a0\u00bb{}\u00a0\u00bb sticky_enabled=\u00a0\u00bb0&Prime;][et_pb_column type=\u00a0\u00bb1_2&Prime; _builder_version=\u00a0\u00bb3.25&Prime; custom_padding=\u00a0\u00bb|||\u00a0\u00bb global_colors_info=\u00a0\u00bb{}\u00a0\u00bb custom_padding__hover=\u00a0\u00bb|||\u00a0\u00bb][et_pb_text admin_label=\u00a0\u00bbDiscover Beatuty Title\u00a0\u00bb _builder_version=\u00a0\u00bb4.10.8&Prime; text_font=\u00a0\u00bb||||\u00a0\u00bb text_text_color=\u00a0\u00bb#1a1a1a\u00a0\u00bb header_font=\u00a0\u00bbOswald|on||on|\u00a0\u00bb header_text_align=\u00a0\u00bbleft\u00a0\u00bb header_font_size=\u00a0\u00bb60px\u00a0\u00bb header_line_height=\u00a0\u00bb1.3em\u00a0\u00bb animation_style=\u00a0\u00bbslide\u00a0\u00bb animation_direction=\u00a0\u00bb%22fade_in%22&Prime; animation_duration=\u00a0\u00bb500ms\u00a0\u00bb animation_intensity_slide=\u00a0\u00bb10%\u00a0\u00bb global_colors_info=\u00a0\u00bb{}\u00a0\u00bb]<\/p>\n<h1>D\u00e9vouvrez notre r\u00e9gion<\/h1>\n<p>[\/et_pb_text][et_pb_text admin_label=\u00a0\u00bbDiscover Beatuty Sub Title\u00a0\u00bb _builder_version=\u00a0\u00bb4.10.8&Prime; text_font=\u00a0\u00bbABeeZee||||||||\u00a0\u00bb text_text_color=\u00a0\u00bb#1a1a1a\u00a0\u00bb text_font_size=\u00a0\u00bb24px\u00a0\u00bb text_line_height=\u00a0\u00bb1.4em\u00a0\u00bb animation_style=\u00a0\u00bbslide\u00a0\u00bb animation_direction=\u00a0\u00bbtop\u00a0\u00bb animation_delay=\u00a0\u00bb100ms\u00a0\u00bb animation_intensity_slide=\u00a0\u00bb10%\u00a0\u00bb global_colors_info=\u00a0\u00bb{}\u00a0\u00bb]<\/p>\n<p><span>Parce que votre confort est notre priorit\u00e9, nous vous simplifions la vie avec nos packages , golf, \u00e9chapp\u00e9es nature, saveurs gourmandes au restaurant\u2026<\/span><\/p>\n<p>[\/et_pb_text][et_pb_divider color=\u00a0\u00bb#BAA756&Prime; divider_position=\u00a0\u00bbcenter\u00a0\u00bb divider_weight=\u00a0\u00bb3px\u00a0\u00bb disabled_on=\u00a0\u00bboff|off|off\u00a0\u00bb _builder_version=\u00a0\u00bb4.10.8&Prime; max_width=\u00a0\u00bb150px\u00a0\u00bb height=\u00a0\u00bbfalse\u00a0\u00bb animation_style=\u00a0\u00bbslide\u00a0\u00bb animation_direction=\u00a0\u00bbtop\u00a0\u00bb animation_delay=\u00a0\u00bb200ms\u00a0\u00bb animation_intensity_slide=\u00a0\u00bb10%\u00a0\u00bb global_colors_info=\u00a0\u00bb{}\u00a0\u00bb][\/et_pb_divider][et_pb_text disabled_on=\u00a0\u00bbon|on|off%22%22&Prime; admin_label=\u00a0\u00bbDiscover Beatuty Text\u00a0\u00bb _builder_version=\u00a0\u00bb4.10.8&Prime; text_font=\u00a0\u00bbABeeZee||||||||\u00a0\u00bb text_font_size=\u00a0\u00bb16px\u00a0\u00bb text_line_height=\u00a0\u00bb1.9em\u00a0\u00bb custom_margin=\u00a0\u00bb-5px|||||\u00a0\u00bb custom_padding=\u00a0\u00bb30px|||\u00a0\u00bb animation_style=\u00a0\u00bbslide\u00a0\u00bb animation_direction=\u00a0\u00bbtop\u00a0\u00bb animation_delay=\u00a0\u00bb300ms\u00a0\u00bb animation_intensity_slide=\u00a0\u00bb10%\u00a0\u00bb global_colors_info=\u00a0\u00bb{}\u00a0\u00bb]<\/p>\n<p style=\"text-align: justify;\">Nos s\u00e9jours vous permettront de combiner diff\u00e9rentes exp\u00e9riences, selon vos envies.<br \/>N\u2019oubliez pas vos chaussures de marche pour vous engager aux 250 km balis\u00e9s , dont notre visite des castors, parc chlorophyle\u2026<br \/>La chocolaterie D\u00e9froidmont vous\u00a0 montre sa fabrication suivie par sa d\u00e9gustation de merveilleux chocolats.<br \/>Le tramway\u00a0 Erez\u00e9e- Lamormenil (20 km) vous am\u00e8ne sur une voie d\u2019histoire ancienne dans les wagons restaur\u00e9s du sci\u00e8cle derni\u00e8r en initiative priv\u00e9e longeant la vall\u00e9e de l\u2019Aisne.<br \/>Il y a des VTT , quads, une belle descente en kayac\u00a0\u00a0 ,paint ball organs\u00e9s par Club Actif\u00a0 \u00e0 200 m de notre \u00e9tablissement.<br \/>Les grottes de Hotton (10 km) sont consid\u00e9rees comme les plus belles d\u2019Europe(patrimoine Unesco).<br \/>Golf de Durbuy\u00a0 (5 km) et M\u00e9an (20 km). Nous r\u00e9servons vos greenfees.<br \/>Notre village voisin W\u00e9ris avec ses Dolmens et Menhirs.<br \/>Le mus\u00e9e de la deuxi\u00e8me guerre mondiale \u00e0 Manhay<br \/>Notre Brasserie locale et Artisanale \u00ab\u00a0Fant\u00f4me\u00a0\u00bb, mondialement connue.<br \/>La Roche en Ardenne, Son ch\u00e2teau f\u00e9odal, les gr\u00e9s de La Roche, ses parcours VTT .<br \/>Houffalize, organisatrice des championnats du Monde VTT.<br \/>Achouffe, dans la Vall\u00e9e des f\u00e9es.<\/p>\n<p>[\/et_pb_text][et_pb_image src=\u00a0\u00bbhttps:\/\/affenage.com\/wp-content\/uploads\/2021\/10\/erezee-4.jpg\u00a0\u00bb title_text=\u00a0\u00bberezee-4&Prime; force_fullwidth=\u00a0\u00bbon\u00a0\u00bb align_tablet=\u00a0\u00bbcenter\u00a0\u00bb align_phone=\u00a0\u00bb\u00a0\u00bb align_last_edited=\u00a0\u00bbon|desktop\u00a0\u00bb _builder_version=\u00a0\u00bb4.10.8&Prime; custom_margin=\u00a0\u00bb55px|||||\u00a0\u00bb animation_style=\u00a0\u00bbfold\u00a0\u00bb animation_direction=\u00a0\u00bbright\u00a0\u00bb animation_intensity_fold=\u00a0\u00bb20%\u00a0\u00bb animation=\u00a0\u00bbfade_in\u00a0\u00bb global_colors_info=\u00a0\u00bb{}\u00a0\u00bb][\/et_pb_image][\/et_pb_column][et_pb_column type=\u00a0\u00bb1_2&Prime; _builder_version=\u00a0\u00bb4.10.8&Prime; custom_padding=\u00a0\u00bb|||50px|false|false\u00a0\u00bb hover_enabled=\u00a0\u00bb0&Prime; global_colors_info=\u00a0\u00bb{}\u00a0\u00bb custom_padding__hover=\u00a0\u00bb|||\u00a0\u00bb custom_padding_last_edited=\u00a0\u00bbon|tablet\u00a0\u00bb sticky_enabled=\u00a0\u00bb0&Prime; custom_padding_tablet=\u00a0\u00bb|||0px|false|false\u00a0\u00bb][et_pb_image src=\u00a0\u00bbhttps:\/\/affenage.com\/wp-content\/uploads\/2021\/10\/tramawy-2.jpg\u00a0\u00bb title_text=\u00a0\u00bbtramawy-2&Prime; force_fullwidth=\u00a0\u00bbon\u00a0\u00bb align_tablet=\u00a0\u00bbcenter\u00a0\u00bb align_phone=\u00a0\u00bb\u00a0\u00bb align_last_edited=\u00a0\u00bbon|desktop\u00a0\u00bb _builder_version=\u00a0\u00bb4.10.8&Prime; custom_margin=\u00a0\u00bb90px|||\u00a0\u00bb animation_style=\u00a0\u00bbfold\u00a0\u00bb animation_direction=\u00a0\u00bbright\u00a0\u00bb animation_intensity_fold=\u00a0\u00bb20%\u00a0\u00bb hover_enabled=\u00a0\u00bb0&Prime; animation=\u00a0\u00bbfade_in\u00a0\u00bb global_colors_info=\u00a0\u00bb{}\u00a0\u00bb sticky_enabled=\u00a0\u00bb0&Prime;][\/et_pb_image][et_pb_image src=\u00a0\u00bbhttps:\/\/affenage.com\/wp-content\/uploads\/2021\/10\/erezee-2.jpg\u00a0\u00bb title_text=\u00a0\u00bberezee-2&Prime; force_fullwidth=\u00a0\u00bbon\u00a0\u00bb align_tablet=\u00a0\u00bbcenter\u00a0\u00bb align_phone=\u00a0\u00bb\u00a0\u00bb align_last_edited=\u00a0\u00bbon|desktop\u00a0\u00bb _builder_version=\u00a0\u00bb4.10.8&Prime; custom_margin=\u00a0\u00bb49px|||||\u00a0\u00bb animation_style=\u00a0\u00bbfold\u00a0\u00bb animation_direction=\u00a0\u00bbright\u00a0\u00bb animation_intensity_fold=\u00a0\u00bb20%\u00a0\u00bb animation=\u00a0\u00bbfade_in\u00a0\u00bb global_colors_info=\u00a0\u00bb{}\u00a0\u00bb][\/et_pb_image][et_pb_image src=\u00a0\u00bbhttps:\/\/affenage.com\/wp-content\/uploads\/2021\/10\/erezee-6.jpg\u00a0\u00bb title_text=\u00a0\u00bberezee-6&Prime; force_fullwidth=\u00a0\u00bbon\u00a0\u00bb align_tablet=\u00a0\u00bbcenter\u00a0\u00bb align_phone=\u00a0\u00bb\u00a0\u00bb align_last_edited=\u00a0\u00bbon|desktop\u00a0\u00bb _builder_version=\u00a0\u00bb4.10.8&Prime; custom_margin=\u00a0\u00bb90px|||\u00a0\u00bb animation_style=\u00a0\u00bbfold\u00a0\u00bb animation_direction=\u00a0\u00bbright\u00a0\u00bb animation_intensity_fold=\u00a0\u00bb20%\u00a0\u00bb animation=\u00a0\u00bbfade_in\u00a0\u00bb global_colors_info=\u00a0\u00bb{}\u00a0\u00bb][\/et_pb_image][\/et_pb_column][\/et_pb_row][\/et_pb_section]<\/p>\n","protected":false},"excerpt":{"rendered":"<p>Activit\u00e9s &amp; saveurs gourmandes au coeur des Ardennes&#8230;D\u00e9vouvrez notre r\u00e9gionParce que votre confort est notre priorit\u00e9, nous vous simplifions la vie avec nos packages , golf, \u00e9chapp\u00e9es nature, saveurs gourmandes au restaurant\u2026Nos s\u00e9jours vous permettront de combiner diff\u00e9rentes exp\u00e9riences, selon vos envies.N\u2019oubliez pas vos chaussures de marche pour vous engager aux 250 km balis\u00e9s , [&hellip;]<\/p>\n","protected":false},"author":1,"featured_media":0,"parent":0,"menu_order":0,"comment_status":"closed","ping_status":"closed","template":"","meta":{"_et_pb_use_builder":"on","_et_pb_old_content":"","_et_gb_content_width":"","footnotes":""},"class_list":["post-55","page","type-page","status-publish","hentry"],"yoast_head":"<!-- This site is optimized with the Yoast SEO plugin v27.2 - https:\/\/yoast.com\/product\/yoast-seo-wordpress\/ -->\n<title>La r\u00e9gion | Affenage<\/title>\n<meta name=\"robots\" content=\"index, follow, max-snippet:-1, max-image-preview:large, max-video-preview:-1\" \/>\n<link rel=\"canonical\" href=\"https:\/\/affenage.com\/fr\/la-region-2\/\" \/>\n<meta property=\"og:locale\" content=\"fr_FR\" \/>\n<meta property=\"og:type\" content=\"article\" \/>\n<meta property=\"og:title\" content=\"La r\u00e9gion | Affenage\" \/>\n<meta property=\"og:description\" content=\"Activit\u00e9s &amp; saveurs gourmandes au coeur des Ardennes...D\u00e9vouvrez notre r\u00e9gionParce que votre confort est notre priorit\u00e9, nous vous simplifions la vie avec nos packages , golf, \u00e9chapp\u00e9es nature, saveurs gourmandes au restaurant\u2026Nos s\u00e9jours vous permettront de combiner diff\u00e9rentes exp\u00e9riences, selon vos envies.N\u2019oubliez pas vos chaussures de marche pour vous engager aux 250 km balis\u00e9s , [&hellip;]\" \/>\n<meta property=\"og:url\" content=\"https:\/\/affenage.com\/fr\/la-region-2\/\" \/>\n<meta property=\"og:site_name\" content=\"Affenage\" \/>\n<meta property=\"article:publisher\" content=\"https:\/\/www.facebook.com\/laffenage\" \/>\n<meta property=\"article:modified_time\" content=\"2021-11-16T20:19:19+00:00\" \/>\n<meta name=\"twitter:card\" content=\"summary_large_image\" \/>\n<meta name=\"twitter:label1\" content=\"Dur\u00e9e de lecture estim\u00e9e\" \/>\n\t<meta name=\"twitter:data1\" content=\"5 minutes\" \/>\n<script type=\"application\/ld+json\" class=\"yoast-schema-graph\">{\"@context\":\"https:\/\/schema.org\",\"@graph\":[{\"@type\":\"WebPage\",\"@id\":\"https:\/\/affenage.com\/fr\/la-region-2\/\",\"url\":\"https:\/\/affenage.com\/fr\/la-region-2\/\",\"name\":\"La r\u00e9gion | Affenage\",\"isPartOf\":{\"@id\":\"https:\/\/affenage.com\/fr\/#website\"},\"datePublished\":\"2021-09-25T09:43:44+00:00\",\"dateModified\":\"2021-11-16T20:19:19+00:00\",\"breadcrumb\":{\"@id\":\"https:\/\/affenage.com\/fr\/la-region-2\/#breadcrumb\"},\"inLanguage\":\"fr-FR\",\"potentialAction\":[{\"@type\":\"ReadAction\",\"target\":[\"https:\/\/affenage.com\/fr\/la-region-2\/\"]}]},{\"@type\":\"BreadcrumbList\",\"@id\":\"https:\/\/affenage.com\/fr\/la-region-2\/#breadcrumb\",\"itemListElement\":[{\"@type\":\"ListItem\",\"position\":1,\"name\":\"Accueil\",\"item\":\"https:\/\/affenage.com\/fr\/\"},{\"@type\":\"ListItem\",\"position\":2,\"name\":\"La r\u00e9gion\"}]},{\"@type\":\"WebSite\",\"@id\":\"https:\/\/affenage.com\/fr\/#website\",\"url\":\"https:\/\/affenage.com\/fr\/\",\"name\":\"L'Affenage\",\"description\":\"H\u00f4tel - Restaurant\",\"potentialAction\":[{\"@type\":\"SearchAction\",\"target\":{\"@type\":\"EntryPoint\",\"urlTemplate\":\"https:\/\/affenage.com\/fr\/?s={search_term_string}\"},\"query-input\":{\"@type\":\"PropertyValueSpecification\",\"valueRequired\":true,\"valueName\":\"search_term_string\"}}],\"inLanguage\":\"fr-FR\"}]}<\/script>\n<!-- \/ Yoast SEO plugin. -->","yoast_head_json":{"title":"La r\u00e9gion | Affenage","robots":{"index":"index","follow":"follow","max-snippet":"max-snippet:-1","max-image-preview":"max-image-preview:large","max-video-preview":"max-video-preview:-1"},"canonical":"https:\/\/affenage.com\/fr\/la-region-2\/","og_locale":"fr_FR","og_type":"article","og_title":"La r\u00e9gion | Affenage","og_description":"Activit\u00e9s &amp; saveurs gourmandes au coeur des Ardennes...D\u00e9vouvrez notre r\u00e9gionParce que votre confort est notre priorit\u00e9, nous vous simplifions la vie avec nos packages , golf, \u00e9chapp\u00e9es nature, saveurs gourmandes au restaurant\u2026Nos s\u00e9jours vous permettront de combiner diff\u00e9rentes exp\u00e9riences, selon vos envies.N\u2019oubliez pas vos chaussures de marche pour vous engager aux 250 km balis\u00e9s , [&hellip;]","og_url":"https:\/\/affenage.com\/fr\/la-region-2\/","og_site_name":"Affenage","article_publisher":"https:\/\/www.facebook.com\/laffenage","article_modified_time":"2021-11-16T20:19:19+00:00","twitter_card":"summary_large_image","twitter_misc":{"Dur\u00e9e de lecture estim\u00e9e":"5 minutes"},"schema":{"@context":"https:\/\/schema.org","@graph":[{"@type":"WebPage","@id":"https:\/\/affenage.com\/fr\/la-region-2\/","url":"https:\/\/affenage.com\/fr\/la-region-2\/","name":"La r\u00e9gion | Affenage","isPartOf":{"@id":"https:\/\/affenage.com\/fr\/#website"},"datePublished":"2021-09-25T09:43:44+00:00","dateModified":"2021-11-16T20:19:19+00:00","breadcrumb":{"@id":"https:\/\/affenage.com\/fr\/la-region-2\/#breadcrumb"},"inLanguage":"fr-FR","potentialAction":[{"@type":"ReadAction","target":["https:\/\/affenage.com\/fr\/la-region-2\/"]}]},{"@type":"BreadcrumbList","@id":"https:\/\/affenage.com\/fr\/la-region-2\/#breadcrumb","itemListElement":[{"@type":"ListItem","position":1,"name":"Accueil","item":"https:\/\/affenage.com\/fr\/"},{"@type":"ListItem","position":2,"name":"La r\u00e9gion"}]},{"@type":"WebSite","@id":"https:\/\/affenage.com\/fr\/#website","url":"https:\/\/affenage.com\/fr\/","name":"L'Affenage","description":"H\u00f4tel - Restaurant","potentialAction":[{"@type":"SearchAction","target":{"@type":"EntryPoint","urlTemplate":"https:\/\/affenage.com\/fr\/?s={search_term_string}"},"query-input":{"@type":"PropertyValueSpecification","valueRequired":true,"valueName":"search_term_string"}}],"inLanguage":"fr-FR"}]}},"_links":{"self":[{"href":"https:\/\/affenage.com\/fr\/wp-json\/wp\/v2\/pages\/55","targetHints":{"allow":["GET"]}}],"collection":[{"href":"https:\/\/affenage.com\/fr\/wp-json\/wp\/v2\/pages"}],"about":[{"href":"https:\/\/affenage.com\/fr\/wp-json\/wp\/v2\/types\/page"}],"author":[{"embeddable":true,"href":"https:\/\/affenage.com\/fr\/wp-json\/wp\/v2\/users\/1"}],"replies":[{"embeddable":true,"href":"https:\/\/affenage.com\/fr\/wp-json\/wp\/v2\/comments?post=55"}],"version-history":[{"count":4,"href":"https:\/\/affenage.com\/fr\/wp-json\/wp\/v2\/pages\/55\/revisions"}],"predecessor-version":[{"id":1073,"href":"https:\/\/affenage.com\/fr\/wp-json\/wp\/v2\/pages\/55\/revisions\/1073"}],"wp:attachment":[{"href":"https:\/\/affenage.com\/fr\/wp-json\/wp\/v2\/media?parent=55"}],"curies":[{"name":"wp","href":"https:\/\/api.w.org\/{rel}","templated":true}]}}