{"id":453,"date":"2021-09-25T09:30:16","date_gmt":"2021-09-25T09:30:16","guid":{"rendered":"https:\/\/affenage.com\/logement\/"},"modified":"2025-10-28T10:05:23","modified_gmt":"2025-10-28T10:05:23","slug":"logement","status":"publish","type":"page","link":"https:\/\/affenage.com\/en\/logement\/","title":{"rendered":"Logement"},"content":{"rendered":"<p>[et_pb_section fb_built=&#8221;1&#8243; fullwidth=&#8221;on&#8221; admin_label=&#8221;Hero&#8221; _builder_version=&#8221;4.16&#8243; background_color=&#8221;#233b4e&#8221; parallax=&#8221;on&#8221; custom_padding=&#8221;0px|0px|0px|0px&#8221; global_colors_info=&#8221;{}&#8221;][et_pb_fullwidth_header title=&#8221;Logement&#8221; button_one_text=&#8221;R\u00e9server un s\u00e9jour&#8221; button_two_text=&#8221;Infos pratiques&#8221; button_two_url=&#8221;https:\/\/affenage.com\/fr\/logement\/#infos&#8221; background_overlay_color=&#8221;rgba(29,38,51,0.42)&#8221; content_max_width=&#8221;700px&#8221; admin_label=&#8221;Hero Section&#8221; _builder_version=&#8221;4.20.4&#8243; title_font=&#8221;Oswald|on||on|&#8221; title_font_size=&#8221;80px&#8221; title_line_height=&#8221;1.3em&#8221; content_font=&#8221;ABeeZee|300||on|||||&#8221; subhead_font=&#8221;ABeeZee|300|||||||&#8221; background_color=&#8221;rgba(255, 255, 255, 0)&#8221; background_image=&#8221;https:\/\/affenage.com\/wp-content\/uploads\/2021\/10\/ban-logement.jpg&#8221; parallax=&#8221;on&#8221; parallax_method=&#8221;on&#8221; custom_button_one=&#8221;on&#8221; button_one_text_size=&#8221;14px&#8221; button_one_text_color=&#8221;#FFFFFF&#8221; button_one_bg_color=&#8221;RGBA(0,0,0,0)&#8221; button_one_border_width=&#8221;2px&#8221; button_one_border_radius=&#8221;2px&#8221; button_one_letter_spacing=&#8221;4px&#8221; button_one_font=&#8221;Oswald|on||on|&#8221; button_one_icon=&#8221;&#x24;||divi||400&#8243; button_one_icon_color=&#8221;#ffffff&#8221; custom_button_two=&#8221;on&#8221; button_two_text_size=&#8221;14px&#8221; button_two_bg_color=&#8221;#BAA756&#8243; button_two_border_color=&#8221;#BAA756&#8243; button_two_border_radius=&#8221;2px&#8221; button_two_letter_spacing=&#8221;4px&#8221; button_two_font=&#8221;Oswald|||on|||||&#8221; custom_margin=&#8221;|||&#8221; custom_padding=&#8221;150px||150px|&#8221; custom_padding_tablet=&#8221;60px||60px|&#8221; custom_padding_phone=&#8221;&#8221; custom_padding_last_edited=&#8221;on|tablet&#8221; animation_style=&#8221;zoom&#8221; animation_direction=&#8221;bottom&#8221; animation_intensity_zoom=&#8221;4%&#8221; hover_enabled=&#8221;0&#8243; button_one_text_color_hover=&#8221;#ffffff&#8221; button_one_border_color_hover=&#8221;#ffffff&#8221; button_one_border_radius_hover=&#8221;0px&#8221; button_one_letter_spacing_hover=&#8221;4px&#8221; button_one_bg_color_hover=&#8221;rgba(0,0,0,0)&#8221; global_colors_info=&#8221;{}&#8221; button_one_text_size__hover_enabled=&#8221;off&#8221; button_two_text_size__hover_enabled=&#8221;off&#8221; button_one_text_color__hover_enabled=&#8221;on&#8221; button_one_text_color__hover=&#8221;#ffffff&#8221; button_two_text_color__hover_enabled=&#8221;off&#8221; button_one_border_width__hover_enabled=&#8221;off&#8221; button_two_border_width__hover_enabled=&#8221;off&#8221; button_one_border_color__hover_enabled=&#8221;on&#8221; button_one_border_color__hover=&#8221;#ffffff&#8221; button_two_border_color__hover_enabled=&#8221;off&#8221; button_one_border_radius__hover_enabled=&#8221;on&#8221; button_one_border_radius__hover=&#8221;0px&#8221; button_two_border_radius__hover_enabled=&#8221;off&#8221; button_one_letter_spacing__hover_enabled=&#8221;on&#8221; button_one_letter_spacing__hover=&#8221;4px&#8221; button_two_letter_spacing__hover_enabled=&#8221;off&#8221; button_one_bg_color__hover_enabled=&#8221;on&#8221; button_one_bg_color__hover=&#8221;rgba(0,0,0,0)&#8221; button_two_bg_color__hover_enabled=&#8221;off&#8221; button_two_text_color=&#8221;#FFFFFF&#8221; sticky_enabled=&#8221;0&#8243;]<\/p>\n<p><span>Choisissez le confort et le charme de l\u2019Affenage au c\u0153ur de l\u2019Ardenne<\/span><\/p>\n<p>[\/et_pb_fullwidth_header][\/et_pb_section][et_pb_section fb_built=&#8221;1&#8243; module_class=&#8221;dc_inverser_colonnes-section&#8221; _builder_version=&#8221;4.16&#8243; custom_padding=&#8221;69px||3px|||&#8221; global_colors_info=&#8221;{}&#8221;][et_pb_row column_structure=&#8221;1_2,1_2&#8243; _builder_version=&#8221;4.16&#8243; global_colors_info=&#8221;{}&#8221;][et_pb_column type=&#8221;1_2&#8243; _builder_version=&#8221;4.16&#8243; custom_padding=&#8221;|||&#8221; global_colors_info=&#8221;{}&#8221; custom_padding__hover=&#8221;|||&#8221;][et_pb_text admin_label=&#8221;Discover Beatuty Title&#8221; _builder_version=&#8221;4.16&#8243; text_font=&#8221;||||&#8221; text_text_color=&#8221;#1a1a1a&#8221; header_font=&#8221;Oswald|on||on|&#8221; header_text_align=&#8221;left&#8221; header_font_size=&#8221;60px&#8221; header_line_height=&#8221;1.3em&#8221; animation_style=&#8221;slide&#8221; animation_direction=&#8221;%22fade_in%22&#8243; animation_duration=&#8221;500ms&#8221; animation_intensity_slide=&#8221;10%&#8221; global_colors_info=&#8221;{}&#8221;]<\/p>\n<h1>Chambre de charme<\/h1>\n<p>[\/et_pb_text][et_pb_text admin_label=&#8221;Discover Beatuty Sub Title&#8221; _builder_version=&#8221;4.16&#8243; text_font=&#8221;ABeeZee||||||||&#8221; text_text_color=&#8221;#1a1a1a&#8221; text_font_size=&#8221;24px&#8221; text_line_height=&#8221;1.4em&#8221; custom_margin=&#8221;||13px|||&#8221; animation_style=&#8221;slide&#8221; animation_direction=&#8221;top&#8221; animation_delay=&#8221;100ms&#8221; animation_intensity_slide=&#8221;10%&#8221; global_colors_info=&#8221;{}&#8221;]<\/p>\n<p>Depuis plus de 20 ans, la famille vous accueille chaleureusement dans son \u00e9tablissement<\/p>\n<p>[\/et_pb_text][et_pb_divider color=&#8221;#BAA756&#8243; divider_position=&#8221;center&#8221; divider_weight=&#8221;3px&#8221; disabled_on=&#8221;off|off|off&#8221; _builder_version=&#8221;4.16&#8243; max_width=&#8221;150px&#8221; height=&#8221;false&#8221; custom_margin=&#8221;||14px|||&#8221; animation_style=&#8221;slide&#8221; animation_direction=&#8221;top&#8221; animation_delay=&#8221;200ms&#8221; animation_intensity_slide=&#8221;10%&#8221; global_colors_info=&#8221;{}&#8221;][\/et_pb_divider][et_pb_text disabled_on=&#8221;off|off|off%22%22&#8243; admin_label=&#8221;Discover Beatuty Text&#8221; _builder_version=&#8221;4.16&#8243; text_font=&#8221;ABeeZee||||||||&#8221; text_font_size=&#8221;16px&#8221; text_line_height=&#8221;1.9em&#8221; custom_margin=&#8221;||||false|false&#8221; custom_padding=&#8221;||||false|false&#8221; animation_style=&#8221;slide&#8221; animation_direction=&#8221;top&#8221; animation_delay=&#8221;300ms&#8221; animation_intensity_slide=&#8221;10%&#8221; global_colors_info=&#8221;{}&#8221;]<\/p>\n<p>Dans un cadre aussi exceptionnel, chaque chambre se doit d\u2019\u00eatre unique. Dans une atmosph\u00e8re<br \/>conviviale, les chambres de l\u2019H\u00f4tel Affenage se parent de couleurs douces, pour vous offrir<br \/>hospitalit\u00e9, confort, pour vous sentir comme chez vous.<\/p>\n<p>[\/et_pb_text][\/et_pb_column][et_pb_column type=&#8221;1_2&#8243; _builder_version=&#8221;4.16&#8243; custom_padding=&#8221;|||50px|false|false&#8221; custom_padding_tablet=&#8221;|||0px|false|false&#8221; custom_padding_phone=&#8221;&#8221; custom_padding_last_edited=&#8221;on|tablet&#8221; global_colors_info=&#8221;{}&#8221; custom_padding__hover=&#8221;|||&#8221;][et_pb_image src=&#8221;https:\/\/affenage.com\/wp-content\/uploads\/2021\/10\/ban-logement-1.jpg&#8221; title_text=&#8221;ban-logement&#8221; force_fullwidth=&#8221;on&#8221; align_tablet=&#8221;center&#8221; align_phone=&#8221;&#8221; align_last_edited=&#8221;on|desktop&#8221; _builder_version=&#8221;4.16&#8243; custom_margin=&#8221;90px||35px||false|false&#8221; custom_margin_tablet=&#8221;|||0px|false|false&#8221; custom_margin_phone=&#8221;|||0px|false|false&#8221; custom_margin_last_edited=&#8221;on|phone&#8221; animation_style=&#8221;fold&#8221; animation_direction=&#8221;right&#8221; animation_intensity_fold=&#8221;20%&#8221; animation=&#8221;fade_in&#8221; global_colors_info=&#8221;{}&#8221;][\/et_pb_image][et_pb_button button_url=&#8221;https:\/\/affenage.com\/fr\/nos-chambres\/&#8221; button_text=&#8221;Voir nos chambres&#8221; button_alignment=&#8221;right&#8221; _builder_version=&#8221;4.16&#8243; _module_preset=&#8221;default&#8221; custom_button=&#8221;on&#8221; button_text_size=&#8221;14px&#8221; button_text_color=&#8221;#FFFFFF&#8221; button_bg_color=&#8221;#BAA756&#8243; button_font=&#8221;ABeeZee|||on|||||&#8221; custom_margin=&#8221;-11px||||false|false&#8221; global_colors_info=&#8221;{}&#8221;][\/et_pb_button][\/et_pb_column][\/et_pb_row][\/et_pb_section][et_pb_section fb_built=&#8221;1&#8243; _builder_version=&#8221;4.16&#8243; _module_preset=&#8221;default&#8221; background_color=&#8221;#f7f7f7&#8243; custom_padding=&#8221;4px|||||&#8221; global_colors_info=&#8221;{}&#8221;][et_pb_row _builder_version=&#8221;4.16&#8243; custom_padding=&#8221;||5px|||&#8221; global_colors_info=&#8221;{}&#8221;][et_pb_column type=&#8221;4_4&#8243; _builder_version=&#8221;4.16&#8243; custom_padding=&#8221;|||&#8221; global_colors_info=&#8221;{}&#8221; custom_padding__hover=&#8221;|||&#8221;][et_pb_text admin_label=&#8221;Discover Beatuty Title&#8221; _builder_version=&#8221;4.16&#8243; text_font=&#8221;||||&#8221; text_text_color=&#8221;#1a1a1a&#8221; header_font=&#8221;Oswald|on||on|&#8221; header_text_align=&#8221;left&#8221; header_font_size=&#8221;60px&#8221; header_line_height=&#8221;1.3em&#8221; custom_margin=&#8221;||0px|||&#8221; animation_style=&#8221;slide&#8221; animation_direction=&#8221;%22fade_in%22&#8243; animation_duration=&#8221;500ms&#8221; animation_intensity_slide=&#8221;10%&#8221; global_colors_info=&#8221;{}&#8221;]<a name=\"infos\"><\/p>\n<h1>Infos pratiques<\/h1>\n<p><\/a>[\/et_pb_text][et_pb_divider color=&#8221;#BAA756&#8243; divider_position=&#8221;center&#8221; divider_weight=&#8221;3px&#8221; disabled_on=&#8221;off|off|off&#8221; _builder_version=&#8221;4.16&#8243; max_width=&#8221;150px&#8221; height=&#8221;false&#8221; custom_margin=&#8221;||14px|||&#8221; animation_style=&#8221;slide&#8221; animation_direction=&#8221;top&#8221; animation_delay=&#8221;200ms&#8221; animation_intensity_slide=&#8221;10%&#8221; global_colors_info=&#8221;{}&#8221;][\/et_pb_divider][et_pb_text admin_label=&#8221;Discover Beatuty Sub Title&#8221; _builder_version=&#8221;4.16&#8243; text_font=&#8221;ABeeZee||||||||&#8221; text_text_color=&#8221;#1a1a1a&#8221; text_font_size=&#8221;24px&#8221; text_line_height=&#8221;1.4em&#8221; custom_margin=&#8221;||13px|||&#8221; animation_style=&#8221;slide&#8221; animation_direction=&#8221;top&#8221; animation_delay=&#8221;100ms&#8221; animation_intensity_slide=&#8221;10%&#8221; global_colors_info=&#8221;{}&#8221;]<\/p>\n<p>Le petit-d\u00e9jeuner<\/p>\n<p>[\/et_pb_text][et_pb_text disabled_on=&#8221;off|off|off%22%22&#8243; admin_label=&#8221;Discover Beatuty Text&#8221; _builder_version=&#8221;4.16&#8243; text_font=&#8221;ABeeZee||||||||&#8221; text_font_size=&#8221;16px&#8221; text_line_height=&#8221;1.9em&#8221; custom_margin=&#8221;||||false|false&#8221; custom_padding=&#8221;||||false|false&#8221; animation_style=&#8221;slide&#8221; animation_direction=&#8221;top&#8221; animation_delay=&#8221;300ms&#8221; animation_intensity_slide=&#8221;10%&#8221; global_colors_info=&#8221;{}&#8221;]<\/p>\n<p>Profitez du petit d\u00e9jeuner, de 8h \u00e0 10h .<br \/>Pour bien commencer la journ\u00e9e, nous vous proposons un petit d\u00e9jeuner savoureux chaque matin.<br \/>Pains et viennoiseries, \u0153ufs bio, fromages affin\u00e9s et charcuteries artisanales, confitures maison, miel<br \/>bio avec une attention pour les producteurs d\u2019\u00c9rez\u00e9e. C\u2019est certain, vous allez vous r\u00e9galer\u00a0!<\/p>\n<p>[\/et_pb_text][et_pb_divider color=&#8221;#BAA756&#8243; divider_position=&#8221;center&#8221; divider_weight=&#8221;3px&#8221; disabled_on=&#8221;off|off|off&#8221; _builder_version=&#8221;4.16&#8243; max_width=&#8221;150px&#8221; height=&#8221;false&#8221; custom_margin=&#8221;||14px|||&#8221; animation_style=&#8221;slide&#8221; animation_direction=&#8221;top&#8221; animation_delay=&#8221;200ms&#8221; animation_intensity_slide=&#8221;10%&#8221; global_colors_info=&#8221;{}&#8221;][\/et_pb_divider][et_pb_text admin_label=&#8221;Discover Beatuty Sub Title&#8221; _builder_version=&#8221;4.16&#8243; text_font=&#8221;ABeeZee||||||||&#8221; text_text_color=&#8221;#1a1a1a&#8221; text_font_size=&#8221;24px&#8221; text_line_height=&#8221;1.4em&#8221; custom_margin=&#8221;||13px|||&#8221; animation_style=&#8221;slide&#8221; animation_direction=&#8221;top&#8221; animation_delay=&#8221;100ms&#8221; animation_intensity_slide=&#8221;10%&#8221; global_colors_info=&#8221;{}&#8221;]<\/p>\n<p>Notre proposition<\/p>\n<p>[\/et_pb_text][et_pb_text disabled_on=&#8221;off|off|off%22%22&#8243; admin_label=&#8221;Discover Beatuty Text&#8221; _builder_version=&#8221;4.16&#8243; text_font=&#8221;ABeeZee||||||||&#8221; text_font_size=&#8221;16px&#8221; text_line_height=&#8221;1.9em&#8221; custom_margin=&#8221;||||false|false&#8221; custom_padding=&#8221;||||false|false&#8221; animation_style=&#8221;slide&#8221; animation_direction=&#8221;top&#8221; animation_delay=&#8221;300ms&#8221; animation_intensity_slide=&#8221;10%&#8221; global_colors_info=&#8221;{}&#8221;]<\/p>\n<p><span style=\"color: #b3ab5f;\">\uf0b7<\/span> Lit suppl\u00e9mentaire et lit b\u00e9b\u00e9 sur demande<br \/><span style=\"color: #b3ab5f;\">\uf0b7<\/span> Wifi dans tout l\u2019\u00e9tablissement<br \/><span style=\"color: #b3ab5f;\">\uf0b7<\/span> Large parking gratuit<br \/><span style=\"color: #b3ab5f;\">\uf0b7<\/span> Carte de promenades et guides touristiques disponibles<br \/><span style=\"color: #b3ab5f;\">\uf0b7<\/span> Lunchpacket<\/p>\n<p>[\/et_pb_text][et_pb_divider color=&#8221;#BAA756&#8243; divider_position=&#8221;center&#8221; divider_weight=&#8221;3px&#8221; disabled_on=&#8221;off|off|off&#8221; _builder_version=&#8221;4.16&#8243; max_width=&#8221;150px&#8221; height=&#8221;false&#8221; custom_margin=&#8221;||14px|||&#8221; animation_style=&#8221;slide&#8221; animation_direction=&#8221;top&#8221; animation_delay=&#8221;200ms&#8221; animation_intensity_slide=&#8221;10%&#8221; global_colors_info=&#8221;{}&#8221;][\/et_pb_divider][et_pb_text admin_label=&#8221;Discover Beatuty Sub Title&#8221; _builder_version=&#8221;4.16&#8243; text_font=&#8221;ABeeZee||||||||&#8221; text_text_color=&#8221;#1a1a1a&#8221; text_font_size=&#8221;24px&#8221; text_line_height=&#8221;1.4em&#8221; custom_margin=&#8221;||13px|||&#8221; animation_style=&#8221;slide&#8221; animation_direction=&#8221;top&#8221; animation_delay=&#8221;100ms&#8221; animation_intensity_slide=&#8221;10%&#8221; global_colors_info=&#8221;{}&#8221;]<\/p>\n<p>Arriv\u00e9e\u00a0<\/p>\n<p>[\/et_pb_text][et_pb_text disabled_on=&#8221;off|off|off%22%22&#8243; admin_label=&#8221;Discover Beatuty Text&#8221; _builder_version=&#8221;4.16&#8243; text_font=&#8221;ABeeZee||||||||&#8221; text_font_size=&#8221;16px&#8221; text_line_height=&#8221;1.9em&#8221; custom_margin=&#8221;||||false|false&#8221; custom_padding=&#8221;||||false|false&#8221; animation_style=&#8221;slide&#8221; animation_direction=&#8221;top&#8221; animation_delay=&#8221;300ms&#8221; animation_intensity_slide=&#8221;10%&#8221; global_colors_info=&#8221;{}&#8221;]<\/p>\n<p>\u00c0 partir de 16h jusqu\u2019\u00e0 23h. Si vous arrivez plus t\u00f4t, nous disposerons vos effets personnels dans<br \/>votre chambre, d\u00e8s que celle-ci sera pr\u00eate.<\/p>\n<p>[\/et_pb_text][et_pb_text admin_label=&#8221;Discover Beatuty Sub Title&#8221; _builder_version=&#8221;4.16&#8243; text_font=&#8221;ABeeZee||||||||&#8221; text_text_color=&#8221;#1a1a1a&#8221; text_font_size=&#8221;24px&#8221; text_line_height=&#8221;1.4em&#8221; custom_margin=&#8221;||13px|||&#8221; custom_padding=&#8221;||3px|||&#8221; animation_style=&#8221;slide&#8221; animation_direction=&#8221;top&#8221; animation_delay=&#8221;100ms&#8221; animation_intensity_slide=&#8221;10%&#8221; global_colors_info=&#8221;{}&#8221;]<\/p>\n<p>D\u00e9part<\/p>\n<p>[\/et_pb_text][et_pb_text disabled_on=&#8221;off|off|off%22%22&#8243; admin_label=&#8221;Discover Beatuty Text&#8221; _builder_version=&#8221;4.16&#8243; text_font=&#8221;ABeeZee||||||||&#8221; text_font_size=&#8221;16px&#8221; text_line_height=&#8221;1.9em&#8221; custom_margin=&#8221;||||false|false&#8221; custom_padding=&#8221;||||false|false&#8221; animation_style=&#8221;slide&#8221; animation_direction=&#8221;top&#8221; animation_delay=&#8221;300ms&#8221; animation_intensity_slide=&#8221;10%&#8221; global_colors_info=&#8221;{}&#8221;]<\/p>\n<p>La chambre doit \u00eatre lib\u00e9r\u00e9e au plus tard \u00e0 11h.<\/p>\n<p>[\/et_pb_text][\/et_pb_column][\/et_pb_row][\/et_pb_section][et_pb_section fb_built=&#8221;1&#8243; _builder_version=&#8221;4.16&#8243; _module_preset=&#8221;default&#8221; custom_padding=&#8221;2px||0px|||&#8221; global_colors_info=&#8221;{}&#8221;][et_pb_row column_structure=&#8221;1_3,1_3,1_3&#8243; use_custom_gutter=&#8221;on&#8221; gutter_width=&#8221;1&#8243; make_equal=&#8221;on&#8221; _builder_version=&#8221;4.16&#8243; _module_preset=&#8221;default&#8221; width=&#8221;100%&#8221; max_width=&#8221;1920px&#8221; custom_padding=&#8221;2px||0px||false|false&#8221; global_colors_info=&#8221;{}&#8221;][et_pb_column type=&#8221;1_3&#8243; _builder_version=&#8221;4.16&#8243; _module_preset=&#8221;default&#8221; background_enable_image=&#8221;off&#8221; custom_padding=&#8221;|||0px|false|false&#8221; global_colors_info=&#8221;{}&#8221;][et_pb_cta title=&#8221;La table de philippe&#8221; _builder_version=&#8221;4.16&#8243; _module_preset=&#8221;default&#8221; header_font=&#8221;Allerta||||||||&#8221; header_text_align=&#8221;center&#8221; header_font_size=&#8221;26px&#8221; background_color=&#8221;#FFFFFF&#8221; background_image=&#8221;https:\/\/affenage.com\/wp-content\/uploads\/2021\/10\/eat-1.jpg&#8221; custom_padding=&#8221;200px||200px||false|false&#8221; animation_style=&#8221;zoom&#8221; animation_intensity_zoom=&#8221;15%&#8221; global_colors_info=&#8221;{}&#8221;][\/et_pb_cta][\/et_pb_column][et_pb_column type=&#8221;1_3&#8243; _builder_version=&#8221;4.16&#8243; _module_preset=&#8221;default&#8221; global_colors_info=&#8221;{}&#8221;][et_pb_cta title=&#8221;Organiser un \u00e9v\u00e9nement&#8221; _builder_version=&#8221;4.16&#8243; _module_preset=&#8221;default&#8221; header_font=&#8221;Allerta||||||||&#8221; header_text_align=&#8221;center&#8221; header_font_size=&#8221;26px&#8221; background_color=&#8221;#FFFFFF&#8221; background_image=&#8221;https:\/\/affenage.com\/wp-content\/uploads\/2021\/10\/event-1.jpg&#8221; custom_padding=&#8221;200px||200px||false|false&#8221; animation_style=&#8221;zoom&#8221; animation_intensity_zoom=&#8221;15%&#8221; global_colors_info=&#8221;{}&#8221;][\/et_pb_cta][\/et_pb_column][et_pb_column type=&#8221;1_3&#8243; _builder_version=&#8221;4.16&#8243; _module_preset=&#8221;default&#8221; global_colors_info=&#8221;{}&#8221;][et_pb_cta title=&#8221;Dormir \u00e0 l&#8217;Affenage&#8221; _builder_version=&#8221;4.16&#8243; _module_preset=&#8221;default&#8221; header_font=&#8221;Allerta||||||||&#8221; header_text_align=&#8221;center&#8221; header_font_size=&#8221;26px&#8221; background_color=&#8221;#FFFFFF&#8221; background_image=&#8221;https:\/\/affenage.com\/wp-content\/uploads\/2021\/10\/hotelsleep.jpg&#8221; custom_padding=&#8221;200px||200px||false|false&#8221; animation_style=&#8221;zoom&#8221; animation_intensity_zoom=&#8221;15%&#8221; global_colors_info=&#8221;{}&#8221;][\/et_pb_cta][\/et_pb_column][\/et_pb_row][\/et_pb_section]<\/p>\n","protected":false},"excerpt":{"rendered":"<p>Choisissez le confort et le charme de l\u2019Affenage au c\u0153ur de l\u2019ArdenneChambre de charmeDepuis plus de 20 ans, la famille vous accueille chaleureusement dans son \u00e9tablissementDans un cadre aussi exceptionnel, chaque chambre se doit d\u2019\u00eatre unique. Dans une atmosph\u00e8reconviviale, les chambres de l\u2019H\u00f4tel Affenage se parent de couleurs douces, pour vous offrirhospitalit\u00e9, confort, pour vous [&hellip;]<\/p>\n","protected":false},"author":1,"featured_media":0,"parent":0,"menu_order":0,"comment_status":"closed","ping_status":"closed","template":"","meta":{"_et_pb_use_builder":"on","_et_pb_old_content":"","_et_gb_content_width":"","footnotes":""},"class_list":["post-453","page","type-page","status-publish","hentry"],"yoast_head":"<!-- This site is optimized with the Yoast SEO plugin v27.2 - https:\/\/yoast.com\/product\/yoast-seo-wordpress\/ -->\n<title>Logement | Affenage<\/title>\n<meta name=\"robots\" content=\"index, follow, max-snippet:-1, max-image-preview:large, max-video-preview:-1\" \/>\n<link rel=\"canonical\" href=\"https:\/\/affenage.com\/en\/logement\/\" \/>\n<meta property=\"og:locale\" content=\"en_US\" \/>\n<meta property=\"og:type\" content=\"article\" \/>\n<meta property=\"og:title\" content=\"Logement | Affenage\" \/>\n<meta property=\"og:description\" content=\"Choisissez le confort et le charme de l\u2019Affenage au c\u0153ur de l\u2019ArdenneChambre de charmeDepuis plus de 20 ans, la famille vous accueille chaleureusement dans son \u00e9tablissementDans un cadre aussi exceptionnel, chaque chambre se doit d\u2019\u00eatre unique. Dans une atmosph\u00e8reconviviale, les chambres de l\u2019H\u00f4tel Affenage se parent de couleurs douces, pour vous offrirhospitalit\u00e9, confort, pour vous [&hellip;]\" \/>\n<meta property=\"og:url\" content=\"https:\/\/affenage.com\/en\/logement\/\" \/>\n<meta property=\"og:site_name\" content=\"Affenage\" \/>\n<meta property=\"article:publisher\" content=\"https:\/\/www.facebook.com\/laffenage\" \/>\n<meta property=\"article:modified_time\" content=\"2025-10-28T10:05:23+00:00\" \/>\n<meta name=\"twitter:card\" content=\"summary_large_image\" \/>\n<meta name=\"twitter:label1\" content=\"Est. reading time\" \/>\n\t<meta name=\"twitter:data1\" content=\"10 minutes\" \/>\n<script type=\"application\/ld+json\" class=\"yoast-schema-graph\">{\"@context\":\"https:\/\/schema.org\",\"@graph\":[{\"@type\":\"WebPage\",\"@id\":\"https:\/\/affenage.com\/en\/logement\/\",\"url\":\"https:\/\/affenage.com\/en\/logement\/\",\"name\":\"Logement | Affenage\",\"isPartOf\":{\"@id\":\"https:\/\/affenage.com\/en\/#website\"},\"datePublished\":\"2021-09-25T09:30:16+00:00\",\"dateModified\":\"2025-10-28T10:05:23+00:00\",\"breadcrumb\":{\"@id\":\"https:\/\/affenage.com\/en\/logement\/#breadcrumb\"},\"inLanguage\":\"en-US\",\"potentialAction\":[{\"@type\":\"ReadAction\",\"target\":[\"https:\/\/affenage.com\/en\/logement\/\"]}]},{\"@type\":\"BreadcrumbList\",\"@id\":\"https:\/\/affenage.com\/en\/logement\/#breadcrumb\",\"itemListElement\":[{\"@type\":\"ListItem\",\"position\":1,\"name\":\"Accueil\",\"item\":\"https:\/\/affenage.com\/en\/\"},{\"@type\":\"ListItem\",\"position\":2,\"name\":\"Logement\"}]},{\"@type\":\"WebSite\",\"@id\":\"https:\/\/affenage.com\/en\/#website\",\"url\":\"https:\/\/affenage.com\/en\/\",\"name\":\"L'Affenage\",\"description\":\"H\u00f4tel - Restaurant\",\"potentialAction\":[{\"@type\":\"SearchAction\",\"target\":{\"@type\":\"EntryPoint\",\"urlTemplate\":\"https:\/\/affenage.com\/en\/?s={search_term_string}\"},\"query-input\":{\"@type\":\"PropertyValueSpecification\",\"valueRequired\":true,\"valueName\":\"search_term_string\"}}],\"inLanguage\":\"en-US\"}]}<\/script>\n<!-- \/ Yoast SEO plugin. -->","yoast_head_json":{"title":"Logement | Affenage","robots":{"index":"index","follow":"follow","max-snippet":"max-snippet:-1","max-image-preview":"max-image-preview:large","max-video-preview":"max-video-preview:-1"},"canonical":"https:\/\/affenage.com\/en\/logement\/","og_locale":"en_US","og_type":"article","og_title":"Logement | Affenage","og_description":"Choisissez le confort et le charme de l\u2019Affenage au c\u0153ur de l\u2019ArdenneChambre de charmeDepuis plus de 20 ans, la famille vous accueille chaleureusement dans son \u00e9tablissementDans un cadre aussi exceptionnel, chaque chambre se doit d\u2019\u00eatre unique. Dans une atmosph\u00e8reconviviale, les chambres de l\u2019H\u00f4tel Affenage se parent de couleurs douces, pour vous offrirhospitalit\u00e9, confort, pour vous [&hellip;]","og_url":"https:\/\/affenage.com\/en\/logement\/","og_site_name":"Affenage","article_publisher":"https:\/\/www.facebook.com\/laffenage","article_modified_time":"2025-10-28T10:05:23+00:00","twitter_card":"summary_large_image","twitter_misc":{"Est. reading time":"10 minutes"},"schema":{"@context":"https:\/\/schema.org","@graph":[{"@type":"WebPage","@id":"https:\/\/affenage.com\/en\/logement\/","url":"https:\/\/affenage.com\/en\/logement\/","name":"Logement | Affenage","isPartOf":{"@id":"https:\/\/affenage.com\/en\/#website"},"datePublished":"2021-09-25T09:30:16+00:00","dateModified":"2025-10-28T10:05:23+00:00","breadcrumb":{"@id":"https:\/\/affenage.com\/en\/logement\/#breadcrumb"},"inLanguage":"en-US","potentialAction":[{"@type":"ReadAction","target":["https:\/\/affenage.com\/en\/logement\/"]}]},{"@type":"BreadcrumbList","@id":"https:\/\/affenage.com\/en\/logement\/#breadcrumb","itemListElement":[{"@type":"ListItem","position":1,"name":"Accueil","item":"https:\/\/affenage.com\/en\/"},{"@type":"ListItem","position":2,"name":"Logement"}]},{"@type":"WebSite","@id":"https:\/\/affenage.com\/en\/#website","url":"https:\/\/affenage.com\/en\/","name":"L'Affenage","description":"H\u00f4tel - Restaurant","potentialAction":[{"@type":"SearchAction","target":{"@type":"EntryPoint","urlTemplate":"https:\/\/affenage.com\/en\/?s={search_term_string}"},"query-input":{"@type":"PropertyValueSpecification","valueRequired":true,"valueName":"search_term_string"}}],"inLanguage":"en-US"}]}},"_links":{"self":[{"href":"https:\/\/affenage.com\/en\/wp-json\/wp\/v2\/pages\/453","targetHints":{"allow":["GET"]}}],"collection":[{"href":"https:\/\/affenage.com\/en\/wp-json\/wp\/v2\/pages"}],"about":[{"href":"https:\/\/affenage.com\/en\/wp-json\/wp\/v2\/types\/page"}],"author":[{"embeddable":true,"href":"https:\/\/affenage.com\/en\/wp-json\/wp\/v2\/users\/1"}],"replies":[{"embeddable":true,"href":"https:\/\/affenage.com\/en\/wp-json\/wp\/v2\/comments?post=453"}],"version-history":[{"count":16,"href":"https:\/\/affenage.com\/en\/wp-json\/wp\/v2\/pages\/453\/revisions"}],"predecessor-version":[{"id":2854,"href":"https:\/\/affenage.com\/en\/wp-json\/wp\/v2\/pages\/453\/revisions\/2854"}],"wp:attachment":[{"href":"https:\/\/affenage.com\/en\/wp-json\/wp\/v2\/media?parent=453"}],"curies":[{"name":"wp","href":"https:\/\/api.w.org\/{rel}","templated":true}]}}