{"id":1130,"date":"2021-11-04T09:26:14","date_gmt":"2021-11-04T09:26:14","guid":{"rendered":"https:\/\/affenage.com\/a-emporter\/"},"modified":"2025-01-31T19:49:32","modified_gmt":"2025-01-31T19:49:32","slug":"a-emporter","status":"publish","type":"page","link":"https:\/\/affenage.com\/en\/a-emporter\/","title":{"rendered":"A emporter"},"content":{"rendered":"<p>[et_pb_section fb_built=&#8221;1&#8243; fullwidth=&#8221;on&#8221; admin_label=&#8221;Hero&#8221; _builder_version=&#8221;4.16&#8243; background_color=&#8221;#233b4e&#8221; parallax=&#8221;on&#8221; custom_padding=&#8221;0px|0px|0px|0px&#8221; global_colors_info=&#8221;{}&#8221;][et_pb_fullwidth_header title=&#8221;Menu \u00e0 emporter&#8221; button_one_text=&#8221;Nous contacter&#8221; background_overlay_color=&#8221;rgba(29,38,51,0.42)&#8221; content_max_width=&#8221;700px&#8221; admin_label=&#8221;Hero Section&#8221; _builder_version=&#8221;4.20.4&#8243; title_font=&#8221;Oswald|on||on|&#8221; title_font_size=&#8221;80px&#8221; title_line_height=&#8221;1.3em&#8221; content_font=&#8221;ABeeZee|300||on|||||&#8221; content_text_color=&#8221;#FFFFFF&#8221; subhead_font=&#8221;ABeeZee|300|||||||&#8221; subhead_text_color=&#8221;#FFFFFF&#8221; background_color=&#8221;rgba(255, 255, 255, 0)&#8221; background_image=&#8221;https:\/\/affenage.com\/wp-content\/uploads\/2021\/09\/raviole-scaled.jpeg&#8221; parallax=&#8221;on&#8221; parallax_method=&#8221;on&#8221; custom_button_one=&#8221;on&#8221; button_one_text_size=&#8221;14px&#8221; button_one_border_radius=&#8221;0px&#8221; button_one_letter_spacing=&#8221;4px&#8221; button_one_font=&#8221;Oswald|on||on|&#8221; button_one_icon=&#8221;&#x24;||divi||400&#8243; button_one_icon_color=&#8221;#ffffff&#8221; custom_margin=&#8221;|||&#8221; custom_padding=&#8221;150px||150px|&#8221; custom_padding_tablet=&#8221;60px||60px|&#8221; custom_padding_phone=&#8221;&#8221; custom_padding_last_edited=&#8221;on|tablet&#8221; animation_style=&#8221;zoom&#8221; animation_direction=&#8221;bottom&#8221; animation_intensity_zoom=&#8221;4%&#8221; hover_enabled=&#8221;0&#8243; button_one_text_color_hover=&#8221;#ffffff&#8221; button_one_border_color_hover=&#8221;#ffffff&#8221; button_one_border_radius_hover=&#8221;0px&#8221; button_one_letter_spacing_hover=&#8221;4px&#8221; button_one_bg_color_hover=&#8221;rgba(0,0,0,0)&#8221; global_colors_info=&#8221;{}&#8221; button_one_text_size__hover_enabled=&#8221;off&#8221; button_two_text_size__hover_enabled=&#8221;off&#8221; button_one_text_color__hover_enabled=&#8221;on&#8221; button_one_text_color__hover=&#8221;#ffffff&#8221; button_two_text_color__hover_enabled=&#8221;off&#8221; button_one_border_width__hover_enabled=&#8221;off&#8221; button_two_border_width__hover_enabled=&#8221;off&#8221; button_one_border_color__hover_enabled=&#8221;on&#8221; button_one_border_color__hover=&#8221;#ffffff&#8221; button_two_border_color__hover_enabled=&#8221;off&#8221; button_one_border_radius__hover_enabled=&#8221;on&#8221; button_one_border_radius__hover=&#8221;0px&#8221; button_two_border_radius__hover_enabled=&#8221;off&#8221; button_one_letter_spacing__hover_enabled=&#8221;on&#8221; button_one_letter_spacing__hover=&#8221;4px&#8221; button_two_letter_spacing__hover_enabled=&#8221;off&#8221; button_one_bg_color__hover_enabled=&#8221;on&#8221; button_one_bg_color__hover=&#8221;rgba(0,0,0,0)&#8221; button_two_bg_color__hover_enabled=&#8221;off&#8221; button_one_text_color=&#8221;#FFFFFF&#8221; sticky_enabled=&#8221;0&#8243;]<\/p>\n<p>Toutes les semaines un menu diff\u00e9rent \u00e0 l&#8217;emporter&#8230;<\/p>\n<p>[\/et_pb_fullwidth_header][\/et_pb_section][et_pb_section fb_built=&#8221;1&#8243; _builder_version=&#8221;4.16&#8243; custom_padding=&#8221;7px||3px|||&#8221; global_colors_info=&#8221;{}&#8221;][et_pb_row _builder_version=&#8221;4.16&#8243; global_colors_info=&#8221;{}&#8221;][et_pb_column type=&#8221;4_4&#8243; _builder_version=&#8221;4.16&#8243; custom_padding=&#8221;|||&#8221; global_colors_info=&#8221;{}&#8221; custom_padding__hover=&#8221;|||&#8221;][et_pb_divider color=&#8221;#BAA756&#8243; divider_position=&#8221;center&#8221; divider_weight=&#8221;3px&#8221; disabled_on=&#8221;off|off|off&#8221; _builder_version=&#8221;4.16&#8243; max_width=&#8221;150px&#8221; module_alignment=&#8221;center&#8221; height=&#8221;false&#8221; animation_style=&#8221;slide&#8221; animation_direction=&#8221;top&#8221; animation_delay=&#8221;200ms&#8221; animation_intensity_slide=&#8221;10%&#8221; global_colors_info=&#8221;{}&#8221;][\/et_pb_divider][et_pb_text _builder_version=&#8221;4.20.4&#8243; _module_preset=&#8221;default&#8221; header_4_font=&#8221;Akaya Telivigala||||||||&#8221; header_4_font_size=&#8221;30px&#8221; header_4_font_size_tablet=&#8221;30px&#8221; header_4_font_size_phone=&#8221;30px&#8221; header_4_font_size_last_edited=&#8221;on|phone&#8221; global_colors_info=&#8221;{}&#8221;]<\/p>\n<h4 style=\"text-align: center;\">R\u00e9servation<\/h4>\n<p style=\"text-align: center;\">Uniquement par mail \u00e0 <a href=\"mailto:info@lecoqapattes.com\">info@lecoqapattes.com<\/a><\/p>\n<p style=\"text-align: center;\">Lors de votre r\u00e9servation, pr\u00e9ciser votre nom, pr\u00e9nom, votre numero de t\u00e9l\u00e9phone ainsi que vos choix.<\/p>\n<p style=\"text-align: center;\"><strong>Vous recevrez un mail de confirmation.<\/strong><\/p>\n<p>[\/et_pb_text][\/et_pb_column][\/et_pb_row][\/et_pb_section][et_pb_section fb_built=&#8221;1&#8243; _builder_version=&#8221;4.16&#8243; _module_preset=&#8221;default&#8221; background_color=&#8221;#ededed&#8221; global_colors_info=&#8221;{}&#8221;][et_pb_row _builder_version=&#8221;4.16&#8243; _module_preset=&#8221;default&#8221; global_colors_info=&#8221;{}&#8221;][et_pb_column type=&#8221;4_4&#8243; _builder_version=&#8221;4.16&#8243; _module_preset=&#8221;default&#8221; global_colors_info=&#8221;{}&#8221;][et_pb_code module_id=&#8221;menu-emporter&#8221; module_class=&#8221;sameheight&#8221; _builder_version=&#8221;4.20.4&#8243; _module_preset=&#8221;default&#8221; background_color=&#8221;RGBA(255,255,255,0)&#8221; custom_margin=&#8221;0px|||20px|false|false&#8221; custom_padding=&#8221;13px|||||&#8221; border_color_all=&#8221;#BAA756&#8243; global_colors_info=&#8221;{}&#8221;][\/et_pb_code][\/et_pb_column][\/et_pb_row][\/et_pb_section][et_pb_section fb_built=&#8221;1&#8243; _builder_version=&#8221;4.16&#8243; _module_preset=&#8221;default&#8221; custom_padding=&#8221;15px||19px|||&#8221; global_colors_info=&#8221;{}&#8221;][et_pb_row _builder_version=&#8221;4.16&#8243; _module_preset=&#8221;default&#8221; animation_style=&#8221;zoom&#8221; animation_duration=&#8221;1400ms&#8221; animation_intensity_zoom=&#8221;31%&#8221; global_colors_info=&#8221;{}&#8221;][et_pb_column type=&#8221;4_4&#8243; _builder_version=&#8221;4.16&#8243; _module_preset=&#8221;default&#8221; global_colors_info=&#8221;{}&#8221;][et_pb_divider color=&#8221;#BAA756&#8243; divider_position=&#8221;center&#8221; divider_weight=&#8221;3px&#8221; disabled_on=&#8221;off|off|off&#8221; _builder_version=&#8221;4.16&#8243; max_width=&#8221;150px&#8221; module_alignment=&#8221;center&#8221; height=&#8221;false&#8221; animation_style=&#8221;slide&#8221; animation_direction=&#8221;top&#8221; animation_delay=&#8221;200ms&#8221; animation_intensity_slide=&#8221;10%&#8221; global_colors_info=&#8221;{}&#8221;][\/et_pb_divider][et_pb_text admin_label=&#8221;Discover Beatuty Sub Title&#8221; _builder_version=&#8221;4.16&#8243; text_font=&#8221;ABeeZee||||||||&#8221; text_text_color=&#8221;#1a1a1a&#8221; text_font_size=&#8221;24px&#8221; text_line_height=&#8221;1.4em&#8221; animation_style=&#8221;slide&#8221; animation_direction=&#8221;top&#8221; animation_delay=&#8221;100ms&#8221; animation_intensity_slide=&#8221;10%&#8221; global_colors_info=&#8221;{}&#8221;]<\/p>\n<p style=\"text-align: center;\"><span>Notre menu \u00e9volue au jour le jour au rythme des saisons.<br \/>\n<\/span><span>Nous privil\u00e9gions les produits locaux.<br \/>\n<\/span><span style=\"color: #B3AB5F;\">signalez nousvos allergies<\/span><\/p>\n<p>[\/et_pb_text][\/et_pb_column][\/et_pb_row][\/et_pb_section]<\/p>\n","protected":false},"excerpt":{"rendered":"<p>Toutes les semaines un menu diff\u00e9rent \u00e0 l&#8217;emporter&#8230;R\u00e9servation Uniquement par mail \u00e0 info@lecoqapattes.com Lors de votre r\u00e9servation, pr\u00e9ciser votre nom, pr\u00e9nom, votre numero de t\u00e9l\u00e9phone ainsi que vos choix. Vous recevrez un mail de confirmation.Notre menu \u00e9volue au jour le jour au rythme des saisons. Nous privil\u00e9gions les [&hellip;]<\/p>\n","protected":false},"author":1,"featured_media":0,"parent":0,"menu_order":0,"comment_status":"closed","ping_status":"closed","template":"","meta":{"_et_pb_use_builder":"on","_et_pb_old_content":"","_et_gb_content_width":"","footnotes":""},"class_list":["post-1130","page","type-page","status-publish","hentry"],"yoast_head":"<!-- This site is optimized with the Yoast SEO plugin v27.2 - https:\/\/yoast.com\/product\/yoast-seo-wordpress\/ -->\n<title>A emporter | Affenage<\/title>\n<meta name=\"robots\" content=\"index, follow, max-snippet:-1, max-image-preview:large, max-video-preview:-1\" \/>\n<link rel=\"canonical\" href=\"https:\/\/affenage.com\/en\/a-emporter\/\" \/>\n<meta property=\"og:locale\" content=\"en_US\" \/>\n<meta property=\"og:type\" content=\"article\" \/>\n<meta property=\"og:title\" content=\"A emporter | Affenage\" \/>\n<meta property=\"og:description\" content=\"Toutes les semaines un menu diff\u00e9rent \u00e0 l&#039;emporter...R\u00e9servation Uniquement par mail \u00e0 info@lecoqapattes.com Lors de votre r\u00e9servation, pr\u00e9ciser votre nom, pr\u00e9nom, votre numero de t\u00e9l\u00e9phone ainsi que vos choix. Vous recevrez un mail de confirmation.Notre menu \u00e9volue au jour le jour au rythme des saisons. Nous privil\u00e9gions les [&hellip;]\" \/>\n<meta property=\"og:url\" content=\"https:\/\/affenage.com\/en\/a-emporter\/\" \/>\n<meta property=\"og:site_name\" content=\"Affenage\" \/>\n<meta property=\"article:publisher\" content=\"https:\/\/www.facebook.com\/laffenage\" \/>\n<meta property=\"article:modified_time\" content=\"2025-01-31T19:49:32+00:00\" \/>\n<meta property=\"og:image\" content=\"https:\/\/affenage.com\/wp-content\/uploads\/2021\/10\/plats-1-1.jpg\" \/>\n<meta name=\"twitter:card\" content=\"summary_large_image\" \/>\n<meta name=\"twitter:label1\" content=\"Est. reading time\" \/>\n\t<meta name=\"twitter:data1\" content=\"4 minutes\" \/>\n<script type=\"application\/ld+json\" class=\"yoast-schema-graph\">{\"@context\":\"https:\/\/schema.org\",\"@graph\":[{\"@type\":\"WebPage\",\"@id\":\"https:\/\/affenage.com\/en\/a-emporter\/\",\"url\":\"https:\/\/affenage.com\/en\/a-emporter\/\",\"name\":\"A emporter | Affenage\",\"isPartOf\":{\"@id\":\"https:\/\/affenage.com\/en\/#website\"},\"datePublished\":\"2021-11-04T09:26:14+00:00\",\"dateModified\":\"2025-01-31T19:49:32+00:00\",\"breadcrumb\":{\"@id\":\"https:\/\/affenage.com\/en\/a-emporter\/#breadcrumb\"},\"inLanguage\":\"en-US\",\"potentialAction\":[{\"@type\":\"ReadAction\",\"target\":[\"https:\/\/affenage.com\/en\/a-emporter\/\"]}]},{\"@type\":\"BreadcrumbList\",\"@id\":\"https:\/\/affenage.com\/en\/a-emporter\/#breadcrumb\",\"itemListElement\":[{\"@type\":\"ListItem\",\"position\":1,\"name\":\"Accueil\",\"item\":\"https:\/\/affenage.com\/en\/\"},{\"@type\":\"ListItem\",\"position\":2,\"name\":\"A emporter\"}]},{\"@type\":\"WebSite\",\"@id\":\"https:\/\/affenage.com\/en\/#website\",\"url\":\"https:\/\/affenage.com\/en\/\",\"name\":\"L'Affenage\",\"description\":\"H\u00f4tel - Restaurant\",\"potentialAction\":[{\"@type\":\"SearchAction\",\"target\":{\"@type\":\"EntryPoint\",\"urlTemplate\":\"https:\/\/affenage.com\/en\/?s={search_term_string}\"},\"query-input\":{\"@type\":\"PropertyValueSpecification\",\"valueRequired\":true,\"valueName\":\"search_term_string\"}}],\"inLanguage\":\"en-US\"}]}<\/script>\n<!-- \/ Yoast SEO plugin. -->","yoast_head_json":{"title":"A emporter | Affenage","robots":{"index":"index","follow":"follow","max-snippet":"max-snippet:-1","max-image-preview":"max-image-preview:large","max-video-preview":"max-video-preview:-1"},"canonical":"https:\/\/affenage.com\/en\/a-emporter\/","og_locale":"en_US","og_type":"article","og_title":"A emporter | Affenage","og_description":"Toutes les semaines un menu diff\u00e9rent \u00e0 l'emporter...R\u00e9servation Uniquement par mail \u00e0 info@lecoqapattes.com Lors de votre r\u00e9servation, pr\u00e9ciser votre nom, pr\u00e9nom, votre numero de t\u00e9l\u00e9phone ainsi que vos choix. Vous recevrez un mail de confirmation.Notre menu \u00e9volue au jour le jour au rythme des saisons. Nous privil\u00e9gions les [&hellip;]","og_url":"https:\/\/affenage.com\/en\/a-emporter\/","og_site_name":"Affenage","article_publisher":"https:\/\/www.facebook.com\/laffenage","article_modified_time":"2025-01-31T19:49:32+00:00","og_image":[{"url":"https:\/\/affenage.com\/wp-content\/uploads\/2021\/10\/plats-1-1.jpg","type":"","width":"","height":""}],"twitter_card":"summary_large_image","twitter_misc":{"Est. reading time":"4 minutes"},"schema":{"@context":"https:\/\/schema.org","@graph":[{"@type":"WebPage","@id":"https:\/\/affenage.com\/en\/a-emporter\/","url":"https:\/\/affenage.com\/en\/a-emporter\/","name":"A emporter | Affenage","isPartOf":{"@id":"https:\/\/affenage.com\/en\/#website"},"datePublished":"2021-11-04T09:26:14+00:00","dateModified":"2025-01-31T19:49:32+00:00","breadcrumb":{"@id":"https:\/\/affenage.com\/en\/a-emporter\/#breadcrumb"},"inLanguage":"en-US","potentialAction":[{"@type":"ReadAction","target":["https:\/\/affenage.com\/en\/a-emporter\/"]}]},{"@type":"BreadcrumbList","@id":"https:\/\/affenage.com\/en\/a-emporter\/#breadcrumb","itemListElement":[{"@type":"ListItem","position":1,"name":"Accueil","item":"https:\/\/affenage.com\/en\/"},{"@type":"ListItem","position":2,"name":"A emporter"}]},{"@type":"WebSite","@id":"https:\/\/affenage.com\/en\/#website","url":"https:\/\/affenage.com\/en\/","name":"L'Affenage","description":"H\u00f4tel - Restaurant","potentialAction":[{"@type":"SearchAction","target":{"@type":"EntryPoint","urlTemplate":"https:\/\/affenage.com\/en\/?s={search_term_string}"},"query-input":{"@type":"PropertyValueSpecification","valueRequired":true,"valueName":"search_term_string"}}],"inLanguage":"en-US"}]}},"_links":{"self":[{"href":"https:\/\/affenage.com\/en\/wp-json\/wp\/v2\/pages\/1130","targetHints":{"allow":["GET"]}}],"collection":[{"href":"https:\/\/affenage.com\/en\/wp-json\/wp\/v2\/pages"}],"about":[{"href":"https:\/\/affenage.com\/en\/wp-json\/wp\/v2\/types\/page"}],"author":[{"embeddable":true,"href":"https:\/\/affenage.com\/en\/wp-json\/wp\/v2\/users\/1"}],"replies":[{"embeddable":true,"href":"https:\/\/affenage.com\/en\/wp-json\/wp\/v2\/comments?post=1130"}],"version-history":[{"count":16,"href":"https:\/\/affenage.com\/en\/wp-json\/wp\/v2\/pages\/1130\/revisions"}],"predecessor-version":[{"id":2784,"href":"https:\/\/affenage.com\/en\/wp-json\/wp\/v2\/pages\/1130\/revisions\/2784"}],"wp:attachment":[{"href":"https:\/\/affenage.com\/en\/wp-json\/wp\/v2\/media?parent=1130"}],"curies":[{"name":"wp","href":"https:\/\/api.w.org\/{rel}","templated":true}]}}