{"id":463,"date":"2021-09-25T09:34:07","date_gmt":"2021-09-25T09:34:07","guid":{"rendered":"https:\/\/affenage.com\/restaurant\/"},"modified":"2023-01-12T20:21:19","modified_gmt":"2023-01-12T20:21:19","slug":"restaurant","status":"publish","type":"page","link":"https:\/\/affenage.com\/de\/restaurant\/","title":{"rendered":"restaurant"},"content":{"rendered":"<p>[et_pb_section fb_built=&#8220;1&#8243; fullwidth=&#8220;on&#8220; admin_label=&#8220;Hero&#8220; _builder_version=&#8220;4.16&#8243; background_color=&#8220;#233b4e&#8220; parallax=&#8220;on&#8220; custom_padding=&#8220;0px|0px|0px|0px&#8220; global_colors_info=&#8220;{}&#8220;][et_pb_fullwidth_header title=&#8220;Restaurant&#8220; button_one_text=&#8220;Menus et carte du moment&#8220; background_overlay_color=&#8220;rgba(29,38,51,0.42)&#8220; content_max_width=&#8220;700px&#8220; admin_label=&#8220;Hero Section&#8220; _builder_version=&#8220;4.19.0&#8243; title_font=&#8220;Oswald|on||on|&#8220; title_font_size=&#8220;80px&#8220; title_line_height=&#8220;1.3em&#8220; content_font=&#8220;ABeeZee|300||on|||||&#8220; content_text_color=&#8220;#BAA756&#8243; subhead_font=&#8220;ABeeZee|300|||||||&#8220; subhead_text_color=&#8220;#FFFFFF&#8220; background_color=&#8220;rgba(255, 255, 255, 0)&#8220; background_image=&#8220;https:\/\/affenage.com\/wp-content\/uploads\/2021\/09\/raviole-scaled.jpeg&#8220; parallax=&#8220;on&#8220; parallax_method=&#8220;on&#8220; custom_button_one=&#8220;on&#8220; button_one_text_size=&#8220;14px&#8220; button_one_border_radius=&#8220;0px&#8220; button_one_letter_spacing=&#8220;4px&#8220; button_one_font=&#8220;Oswald|on||on|&#8220; button_one_icon=&#8220;&#x24;||divi||400&#8243; button_one_icon_color=&#8220;#ffffff&#8220; custom_margin=&#8220;|||&#8220; custom_padding=&#8220;150px||150px|&#8220; custom_padding_tablet=&#8220;60px||60px|&#8220; custom_padding_phone=&#8220;&#8220; custom_padding_last_edited=&#8220;on|tablet&#8220; animation_style=&#8220;zoom&#8220; animation_direction=&#8220;bottom&#8220; animation_intensity_zoom=&#8220;4%&#8220; hover_enabled=&#8220;0&#8243; button_one_text_color_hover=&#8220;#ffffff&#8220; button_one_border_color_hover=&#8220;#ffffff&#8220; button_one_border_radius_hover=&#8220;0px&#8220; button_one_letter_spacing_hover=&#8220;4px&#8220; button_one_bg_color_hover=&#8220;rgba(0,0,0,0)&#8220; global_colors_info=&#8220;{}&#8220; button_one_text_size__hover_enabled=&#8220;off&#8220; button_two_text_size__hover_enabled=&#8220;off&#8220; button_one_text_color__hover_enabled=&#8220;on&#8220; button_one_text_color__hover=&#8220;#ffffff&#8220; button_two_text_color__hover_enabled=&#8220;off&#8220; button_one_border_width__hover_enabled=&#8220;off&#8220; button_two_border_width__hover_enabled=&#8220;off&#8220; button_one_border_color__hover_enabled=&#8220;on&#8220; button_one_border_color__hover=&#8220;#ffffff&#8220; button_two_border_color__hover_enabled=&#8220;off&#8220; button_one_border_radius__hover_enabled=&#8220;on&#8220; button_one_border_radius__hover=&#8220;0px&#8220; button_two_border_radius__hover_enabled=&#8220;off&#8220; button_one_letter_spacing__hover_enabled=&#8220;on&#8220; button_one_letter_spacing__hover=&#8220;4px&#8220; button_two_letter_spacing__hover_enabled=&#8220;off&#8220; button_one_bg_color__hover_enabled=&#8220;on&#8220; button_one_bg_color__hover=&#8220;rgba(0,0,0,0)&#8220; button_two_bg_color__hover_enabled=&#8220;off&#8220; button_one_url=&#8220;https:\/\/affenage.com\/fr\/carte-menu\/&#8220; sticky_enabled=&#8220;0&#8243;]<\/p>\n<p><span>Un voyage culinaire alliant finesse et produits nobles<\/span><\/p>\n<p>[\/et_pb_fullwidth_header][\/et_pb_section][et_pb_section fb_built=&#8220;1&#8243; _builder_version=&#8220;4.19.0&#8243; _module_preset=&#8220;default&#8220; background_enable_image=&#8220;off&#8220; custom_margin=&#8220;||0px||false|false&#8220; custom_padding=&#8220;||0px||false|false&#8220; custom_css_main_element=&#8220;||&#8220; global_colors_info=&#8220;{}&#8220;][et_pb_row column_structure=&#8220;1_2,1_2&#8243; use_custom_gutter=&#8220;on&#8220; gutter_width=&#8220;1&#8243; _builder_version=&#8220;4.16&#8243; _module_preset=&#8220;default&#8220; width=&#8220;100%&#8220; max_width=&#8220;1920px&#8220; min_height=&#8220;1325.8px&#8220; custom_margin=&#8220;-81px||-5px||false|false&#8220; custom_margin_tablet=&#8220;-81px||-5px||false|false&#8220; custom_margin_phone=&#8220;0px||||false|false&#8220; custom_margin_last_edited=&#8220;on|phone&#8220; custom_padding=&#8220;||31px|||&#8220; global_colors_info=&#8220;{}&#8220;][et_pb_column type=&#8220;1_2&#8243; _builder_version=&#8220;4.16&#8243; _module_preset=&#8220;default&#8220; global_colors_info=&#8220;{}&#8220;][et_pb_text admin_label=&#8220;Discover Beatuty Title&#8220; _builder_version=&#8220;4.19.0&#8243; text_font=&#8220;||||&#8220; text_text_color=&#8220;#1a1a1a&#8220; header_font=&#8220;Oswald|on||on|&#8220; header_text_align=&#8220;left&#8220; header_font_size=&#8220;60px&#8220; header_line_height=&#8220;1.3em&#8220; custom_margin=&#8220;20px||0px||false|false&#8220; custom_padding=&#8220;|||20px|false|false&#8220; animation_direction=&#8220;%22fade_in%22&#8243; global_colors_info=&#8220;{}&#8220;]<\/p>\n<h1><span style=\"color: #111;\">Finesse et produits nobles<\/span><\/h1>\n<p>&nbsp;<\/p>\n<p>[\/et_pb_text][et_pb_text _builder_version=&#8220;4.19.0&#8243; _module_preset=&#8220;default&#8220; custom_margin=&#8220;||-30px||false|false&#8220; custom_margin_tablet=&#8220;||-30px||false|false&#8220; custom_margin_phone=&#8220;||0px||false|false&#8220; custom_margin_last_edited=&#8220;on|phone&#8220; custom_padding=&#8220;|20px||20px|false|false&#8220; global_colors_info=&#8220;{}&#8220;]<\/p>\n<p>Philippe et Catherine Vanderlinden, travaillent avec finesse des produits nobles et de saison une cuisine contemporaine et inventive pour un d\u00eener raffin\u00e9 ou pour un weekend gastronomique inoubliable. Laissez-vous surprendre, installez-vous confortablement et savourez, nous nous occupons de tout.<\/p>\n<p>&nbsp;<\/p>\n<p>[\/et_pb_text][et_pb_image src=&#8220;https:\/\/affenage.com\/wp-content\/uploads\/2023\/01\/10-2.jpg&#8220; title_text=&#8220;10-2&#8243; _builder_version=&#8220;4.19.0&#8243; _module_preset=&#8220;default&#8220; custom_margin=&#8220;130px||||false|false&#8220; custom_margin_tablet=&#8220;20px||||false|false&#8220; custom_margin_phone=&#8220;20px||||false|false&#8220; custom_margin_last_edited=&#8220;on|tablet&#8220; animation_style=&#8220;slide&#8220; animation_direction=&#8220;left&#8220; global_colors_info=&#8220;{}&#8220;][\/et_pb_image][et_pb_text admin_label=&#8220;Discover Beatuty Title&#8220; _builder_version=&#8220;4.19.0&#8243; text_font=&#8220;||||&#8220; text_text_color=&#8220;#1a1a1a&#8220; header_font=&#8220;Oswald|on||on|&#8220; header_text_align=&#8220;left&#8220; header_font_size=&#8220;60px&#8220; header_line_height=&#8220;1.3em&#8220; custom_margin=&#8220;20px||0px||false|false&#8220; custom_padding=&#8220;|||20px|false|false&#8220; animation_direction=&#8220;%22fade_in%22&#8243; global_colors_info=&#8220;{}&#8220;]<\/p>\n<h1><span style=\"color: #111111;\">R\u00e9servation<\/span><\/h1>\n<p>&nbsp;<\/p>\n<p>[\/et_pb_text][et_pb_text _builder_version=&#8220;4.19.0&#8243; _module_preset=&#8220;default&#8220; custom_padding=&#8220;|20px|20px|20px|false|false&#8220; hover_enabled=&#8220;0&#8243; global_colors_info=&#8220;{}&#8220; sticky_enabled=&#8220;0&#8243;]<\/p>\n<p>N\u2019h\u00e9sitez pas \u00e0 r\u00e9server en ligne ou \u00e0 nous appeler au <span style=\"color: #000000;\"><strong><a href=\"tel:+351933685222\" class=\"\" style=\"color: #000000;\">+32 (0)86 45 52 02<\/a><\/strong><\/span> ou nous envoyer un mail via notre site la page <span style=\"color: #000000;\"><a href=\"https:\/\/affenage.com\/fr\/contact\/\" style=\"color: #000000;\"><strong>&#8222;Nous contacter&#8220;<\/strong><\/a><\/span> de notre site web ou sur l&#8217;adresse: <span style=\"color: #000000;\"><strong>&#8222;affenage.erezee@gmail.com&#8220;<\/strong><\/span><\/p>\n<p>[\/et_pb_text][et_pb_button button_url=&#8220;https:\/\/affenage.com\/fr\/carte-menu\/&#8220; button_text=&#8220;Menus et carte du moment&#8220; button_alignment=&#8220;left&#8220; _builder_version=&#8220;4.19.0&#8243; _module_preset=&#8220;default&#8220; custom_button=&#8220;on&#8220; button_text_size=&#8220;14px&#8220; button_text_color=&#8220;#FFFFFF&#8220; button_bg_color=&#8220;#BAA756&#8243; button_font=&#8220;ABeeZee|||on|||||&#8220; custom_margin=&#8220;0px||||false|false&#8220; hover_enabled=&#8220;0&#8243; global_colors_info=&#8220;{}&#8220; theme_builder_area=&#8220;post_content&#8220; sticky_enabled=&#8220;0&#8243;][\/et_pb_button][\/et_pb_column][et_pb_column type=&#8220;1_2&#8243; _builder_version=&#8220;4.16&#8243; _module_preset=&#8220;default&#8220; global_colors_info=&#8220;{}&#8220;][et_pb_image src=&#8220;https:\/\/affenage.com\/wp-content\/uploads\/2023\/01\/11-1.jpg&#8220; title_text=&#8220;11-1&#8243; _builder_version=&#8220;4.19.0&#8243; _module_preset=&#8220;default&#8220; animation_style=&#8220;slide&#8220; animation_direction=&#8220;right&#8220; global_colors_info=&#8220;{}&#8220;][\/et_pb_image][et_pb_text admin_label=&#8220;Discover Beatuty Title&#8220; _builder_version=&#8220;4.19.0&#8243; text_font=&#8220;||||&#8220; text_text_color=&#8220;#1a1a1a&#8220; header_font=&#8220;Oswald|on||on|&#8220; header_text_align=&#8220;left&#8220; header_font_size=&#8220;60px&#8220; header_line_height=&#8220;1.3em&#8220; custom_margin=&#8220;20px||0px||false|false&#8220; custom_padding=&#8220;|||20px|false|false&#8220; animation_direction=&#8220;%22fade_in%22&#8243; global_colors_info=&#8220;{}&#8220;]<\/p>\n<h1><span style=\"color: #111;\">N<\/span>otre vision culinaire<\/h1>\n<p>&nbsp;<\/p>\n<p>[\/et_pb_text][et_pb_text _builder_version=&#8220;4.19.0&#8243; _module_preset=&#8220;default&#8220; custom_padding=&#8220;|20px||20px|false|false&#8220; global_colors_info=&#8220;{}&#8220;]<\/p>\n<p>La cuisine du restaurant est bas\u00e9e sur des produits de saison et de qualit\u00e9. Notre passion pour la gastronomie est sans aucun doute notre force. Une cuisine contemporaine et inventive pour un moment chaleureux et ressour\u00e7ant.<\/p>\n<p><span><\/span><\/p>\n<p><span><\/span><\/p>\n<p>[\/et_pb_text][et_pb_image src=&#8220;https:\/\/affenage.com\/wp-content\/uploads\/2023\/01\/9-2.jpg&#8220; title_text=&#8220;9-2&#8243; _builder_version=&#8220;4.19.0&#8243; _module_preset=&#8220;default&#8220; custom_margin=&#8220;||-27px|||&#8220; animation_style=&#8220;slide&#8220; animation_direction=&#8220;right&#8220; global_colors_info=&#8220;{}&#8220;][\/et_pb_image][\/et_pb_column][\/et_pb_row][et_pb_row column_structure=&#8220;1_3,1_3,1_3&#8243; use_custom_gutter=&#8220;on&#8220; gutter_width=&#8220;1&#8243; make_equal=&#8220;on&#8220; _builder_version=&#8220;4.19.0&#8243; _module_preset=&#8220;default&#8220; width=&#8220;100%&#8220; max_width=&#8220;1920px&#8220; min_height=&#8220;96px&#8220; custom_margin=&#8220;-2px||0px||false|false&#8220; custom_margin_tablet=&#8220;0px||||false|false&#8220; custom_margin_phone=&#8220;0px||||false|false&#8220; custom_margin_last_edited=&#8220;on|tablet&#8220; custom_padding=&#8220;0px||0px||false|false&#8220; animation_style=&#8220;slide&#8220; animation_direction=&#8220;left&#8220; global_colors_info=&#8220;{}&#8220;][et_pb_column type=&#8220;1_3&#8243; _builder_version=&#8220;4.16&#8243; _module_preset=&#8220;default&#8220; global_colors_info=&#8220;{}&#8220;][et_pb_image src=&#8220;https:\/\/affenage.com\/wp-content\/uploads\/2023\/01\/4-4.jpg&#8220; title_text=&#8220;4-4&#8243; _builder_version=&#8220;4.19.0&#8243; _module_preset=&#8220;default&#8220; global_colors_info=&#8220;{}&#8220;][\/et_pb_image][\/et_pb_column][et_pb_column type=&#8220;1_3&#8243; _builder_version=&#8220;4.16&#8243; _module_preset=&#8220;default&#8220; global_colors_info=&#8220;{}&#8220;][et_pb_image src=&#8220;https:\/\/affenage.com\/wp-content\/uploads\/2023\/01\/3-3.jpg&#8220; title_text=&#8220;3-3&#8243; _builder_version=&#8220;4.19.0&#8243; _module_preset=&#8220;default&#8220; global_colors_info=&#8220;{}&#8220;][\/et_pb_image][\/et_pb_column][et_pb_column type=&#8220;1_3&#8243; _builder_version=&#8220;4.16&#8243; _module_preset=&#8220;default&#8220; global_colors_info=&#8220;{}&#8220;][et_pb_image src=&#8220;https:\/\/affenage.com\/wp-content\/uploads\/2023\/01\/2-2.jpg&#8220; title_text=&#8220;2-2&#8243; _builder_version=&#8220;4.19.0&#8243; _module_preset=&#8220;default&#8220; global_colors_info=&#8220;{}&#8220;][\/et_pb_image][\/et_pb_column][\/et_pb_row][\/et_pb_section]<\/p>\n","protected":false},"excerpt":{"rendered":"<p>Un voyage culinaire alliant finesse et produits noblesFinesse et produits nobles &nbsp;Philippe et Catherine Vanderlinden, travaillent avec finesse des produits nobles et de saison une cuisine contemporaine et inventive pour un d\u00eener raffin\u00e9 ou pour un weekend gastronomique inoubliable. Laissez-vous surprendre, installez-vous confortablement et savourez, nous nous occupons de tout. &nbsp;R\u00e9servation &nbsp;N\u2019h\u00e9sitez pas \u00e0 r\u00e9server [&hellip;]<\/p>\n","protected":false},"author":1,"featured_media":0,"parent":0,"menu_order":0,"comment_status":"closed","ping_status":"closed","template":"","meta":{"_et_pb_use_builder":"on","_et_pb_old_content":"","_et_gb_content_width":"","footnotes":""},"class_list":["post-463","page","type-page","status-publish","hentry"],"yoast_head":"<!-- This site is optimized with the Yoast SEO plugin v27.2 - https:\/\/yoast.com\/product\/yoast-seo-wordpress\/ -->\n<title>restaurant | Affenage<\/title>\n<meta name=\"robots\" content=\"index, follow, max-snippet:-1, max-image-preview:large, max-video-preview:-1\" \/>\n<link rel=\"canonical\" href=\"https:\/\/affenage.com\/de\/restaurant\/\" \/>\n<meta property=\"og:locale\" content=\"de_DE\" \/>\n<meta property=\"og:type\" content=\"article\" \/>\n<meta property=\"og:title\" content=\"restaurant | Affenage\" \/>\n<meta property=\"og:description\" content=\"Un voyage culinaire alliant finesse et produits noblesFinesse et produits nobles &nbsp;Philippe et Catherine Vanderlinden, travaillent avec finesse des produits nobles et de saison une cuisine contemporaine et inventive pour un d\u00eener raffin\u00e9 ou pour un weekend gastronomique inoubliable. Laissez-vous surprendre, installez-vous confortablement et savourez, nous nous occupons de tout. &nbsp;R\u00e9servation &nbsp;N\u2019h\u00e9sitez pas \u00e0 r\u00e9server [&hellip;]\" \/>\n<meta property=\"og:url\" content=\"https:\/\/affenage.com\/de\/restaurant\/\" \/>\n<meta property=\"og:site_name\" content=\"Affenage\" \/>\n<meta property=\"article:publisher\" content=\"https:\/\/www.facebook.com\/laffenage\" \/>\n<meta property=\"article:modified_time\" content=\"2023-01-12T20:21:19+00:00\" \/>\n<meta name=\"twitter:card\" content=\"summary_large_image\" \/>\n<meta name=\"twitter:label1\" content=\"Gesch\u00e4tzte Lesezeit\" \/>\n\t<meta name=\"twitter:data1\" content=\"6\u00a0Minuten\" \/>\n<script type=\"application\/ld+json\" class=\"yoast-schema-graph\">{\"@context\":\"https:\/\/schema.org\",\"@graph\":[{\"@type\":\"WebPage\",\"@id\":\"https:\/\/affenage.com\/de\/restaurant\/\",\"url\":\"https:\/\/affenage.com\/de\/restaurant\/\",\"name\":\"restaurant | Affenage\",\"isPartOf\":{\"@id\":\"https:\/\/affenage.com\/de\/#website\"},\"datePublished\":\"2021-09-25T09:34:07+00:00\",\"dateModified\":\"2023-01-12T20:21:19+00:00\",\"breadcrumb\":{\"@id\":\"https:\/\/affenage.com\/de\/restaurant\/#breadcrumb\"},\"inLanguage\":\"de\",\"potentialAction\":[{\"@type\":\"ReadAction\",\"target\":[\"https:\/\/affenage.com\/de\/restaurant\/\"]}]},{\"@type\":\"BreadcrumbList\",\"@id\":\"https:\/\/affenage.com\/de\/restaurant\/#breadcrumb\",\"itemListElement\":[{\"@type\":\"ListItem\",\"position\":1,\"name\":\"Accueil\",\"item\":\"https:\/\/affenage.com\/de\/\"},{\"@type\":\"ListItem\",\"position\":2,\"name\":\"restaurant\"}]},{\"@type\":\"WebSite\",\"@id\":\"https:\/\/affenage.com\/de\/#website\",\"url\":\"https:\/\/affenage.com\/de\/\",\"name\":\"L'Affenage\",\"description\":\"H\u00f4tel - Restaurant\",\"potentialAction\":[{\"@type\":\"SearchAction\",\"target\":{\"@type\":\"EntryPoint\",\"urlTemplate\":\"https:\/\/affenage.com\/de\/?s={search_term_string}\"},\"query-input\":{\"@type\":\"PropertyValueSpecification\",\"valueRequired\":true,\"valueName\":\"search_term_string\"}}],\"inLanguage\":\"de\"}]}<\/script>\n<!-- \/ Yoast SEO plugin. -->","yoast_head_json":{"title":"restaurant | Affenage","robots":{"index":"index","follow":"follow","max-snippet":"max-snippet:-1","max-image-preview":"max-image-preview:large","max-video-preview":"max-video-preview:-1"},"canonical":"https:\/\/affenage.com\/de\/restaurant\/","og_locale":"de_DE","og_type":"article","og_title":"restaurant | Affenage","og_description":"Un voyage culinaire alliant finesse et produits noblesFinesse et produits nobles &nbsp;Philippe et Catherine Vanderlinden, travaillent avec finesse des produits nobles et de saison une cuisine contemporaine et inventive pour un d\u00eener raffin\u00e9 ou pour un weekend gastronomique inoubliable. Laissez-vous surprendre, installez-vous confortablement et savourez, nous nous occupons de tout. &nbsp;R\u00e9servation &nbsp;N\u2019h\u00e9sitez pas \u00e0 r\u00e9server [&hellip;]","og_url":"https:\/\/affenage.com\/de\/restaurant\/","og_site_name":"Affenage","article_publisher":"https:\/\/www.facebook.com\/laffenage","article_modified_time":"2023-01-12T20:21:19+00:00","twitter_card":"summary_large_image","twitter_misc":{"Gesch\u00e4tzte Lesezeit":"6\u00a0Minuten"},"schema":{"@context":"https:\/\/schema.org","@graph":[{"@type":"WebPage","@id":"https:\/\/affenage.com\/de\/restaurant\/","url":"https:\/\/affenage.com\/de\/restaurant\/","name":"restaurant | Affenage","isPartOf":{"@id":"https:\/\/affenage.com\/de\/#website"},"datePublished":"2021-09-25T09:34:07+00:00","dateModified":"2023-01-12T20:21:19+00:00","breadcrumb":{"@id":"https:\/\/affenage.com\/de\/restaurant\/#breadcrumb"},"inLanguage":"de","potentialAction":[{"@type":"ReadAction","target":["https:\/\/affenage.com\/de\/restaurant\/"]}]},{"@type":"BreadcrumbList","@id":"https:\/\/affenage.com\/de\/restaurant\/#breadcrumb","itemListElement":[{"@type":"ListItem","position":1,"name":"Accueil","item":"https:\/\/affenage.com\/de\/"},{"@type":"ListItem","position":2,"name":"restaurant"}]},{"@type":"WebSite","@id":"https:\/\/affenage.com\/de\/#website","url":"https:\/\/affenage.com\/de\/","name":"L'Affenage","description":"H\u00f4tel - Restaurant","potentialAction":[{"@type":"SearchAction","target":{"@type":"EntryPoint","urlTemplate":"https:\/\/affenage.com\/de\/?s={search_term_string}"},"query-input":{"@type":"PropertyValueSpecification","valueRequired":true,"valueName":"search_term_string"}}],"inLanguage":"de"}]}},"_links":{"self":[{"href":"https:\/\/affenage.com\/de\/wp-json\/wp\/v2\/pages\/463","targetHints":{"allow":["GET"]}}],"collection":[{"href":"https:\/\/affenage.com\/de\/wp-json\/wp\/v2\/pages"}],"about":[{"href":"https:\/\/affenage.com\/de\/wp-json\/wp\/v2\/types\/page"}],"author":[{"embeddable":true,"href":"https:\/\/affenage.com\/de\/wp-json\/wp\/v2\/users\/1"}],"replies":[{"embeddable":true,"href":"https:\/\/affenage.com\/de\/wp-json\/wp\/v2\/comments?post=463"}],"version-history":[{"count":12,"href":"https:\/\/affenage.com\/de\/wp-json\/wp\/v2\/pages\/463\/revisions"}],"predecessor-version":[{"id":2334,"href":"https:\/\/affenage.com\/de\/wp-json\/wp\/v2\/pages\/463\/revisions\/2334"}],"wp:attachment":[{"href":"https:\/\/affenage.com\/de\/wp-json\/wp\/v2\/media?parent=463"}],"curies":[{"name":"wp","href":"https:\/\/api.w.org\/{rel}","templated":true}]}}