{"id":448,"date":"2021-09-25T09:43:44","date_gmt":"2021-09-25T09:43:44","guid":{"rendered":"https:\/\/affenage.com\/la-region-2\/"},"modified":"2021-12-23T12:13:43","modified_gmt":"2021-12-23T12:13:43","slug":"la-region-2","status":"publish","type":"page","link":"https:\/\/affenage.com\/de\/la-region-2\/","title":{"rendered":"La r\u00e9gion"},"content":{"rendered":"<p>[et_pb_section fb_built=&#8220;1&#8243; fullwidth=&#8220;on&#8220; admin_label=&#8220;Hero&#8220; _builder_version=&#8220;3.22&#8243; background_color=&#8220;#233b4e&#8220; parallax=&#8220;on&#8220; custom_padding=&#8220;0px|0px|0px|0px&#8220; global_colors_info=&#8220;{}&#8220;][et_pb_fullwidth_header title=&#8220;Die Regio&#8220; button_one_text=&#8220;uns kontaktieren&#8220; background_overlay_color=&#8220;rgba(29,38,51,0.42)&#8220; content_max_width=&#8220;700px&#8220; admin_label=&#8220;Hero Section&#8220; _builder_version=&#8220;4.10.8&#8243; title_font=&#8220;Oswald|on||on|&#8220; title_font_size=&#8220;80px&#8220; title_line_height=&#8220;1.3em&#8220; content_font=&#8220;ABeeZee|300||on|||||&#8220; content_text_color=&#8220;#FFFFFF&#8220; subhead_font=&#8220;ABeeZee|300|||||||&#8220; subhead_text_color=&#8220;#FFFFFF&#8220; background_color=&#8220;rgba(255, 255, 255, 0)&#8220; background_image=&#8220;https:\/\/affenage.com\/wp-content\/uploads\/2021\/09\/raviole-scaled.jpeg&#8220; parallax=&#8220;on&#8220; parallax_method=&#8220;on&#8220; custom_button_one=&#8220;on&#8220; button_one_text_size=&#8220;14px&#8220; button_one_border_radius=&#8220;0px&#8220; button_one_letter_spacing=&#8220;4px&#8220; button_one_font=&#8220;Oswald|on||on|&#8220; button_one_icon=&#8220;%%3%%&#8220; button_one_icon_color=&#8220;#ffffff&#8220; custom_margin=&#8220;|||&#8220; custom_padding=&#8220;150px||150px|&#8220; custom_padding_tablet=&#8220;60px||60px|&#8220; custom_padding_phone=&#8220;&#8220; custom_padding_last_edited=&#8220;on|tablet&#8220; animation_style=&#8220;zoom&#8220; animation_direction=&#8220;bottom&#8220; animation_intensity_zoom=&#8220;4%&#8220; hover_enabled=&#8220;0&#8243; button_one_text_color_hover=&#8220;#ffffff&#8220; button_one_border_color_hover=&#8220;#ffffff&#8220; button_one_border_radius_hover=&#8220;0px&#8220; button_one_letter_spacing_hover=&#8220;4px&#8220; button_one_bg_color_hover=&#8220;rgba(0,0,0,0)&#8220; global_colors_info=&#8220;{}&#8220; button_one_text_size__hover_enabled=&#8220;off&#8220; button_two_text_size__hover_enabled=&#8220;off&#8220; button_one_text_color__hover_enabled=&#8220;on&#8220; button_one_text_color__hover=&#8220;#ffffff&#8220; button_two_text_color__hover_enabled=&#8220;off&#8220; button_one_border_width__hover_enabled=&#8220;off&#8220; button_two_border_width__hover_enabled=&#8220;off&#8220; button_one_border_color__hover_enabled=&#8220;on&#8220; button_one_border_color__hover=&#8220;#ffffff&#8220; button_two_border_color__hover_enabled=&#8220;off&#8220; button_one_border_radius__hover_enabled=&#8220;on&#8220; button_one_border_radius__hover=&#8220;0px&#8220; button_two_border_radius__hover_enabled=&#8220;off&#8220; button_one_letter_spacing__hover_enabled=&#8220;on&#8220; button_one_letter_spacing__hover=&#8220;4px&#8220; button_two_letter_spacing__hover_enabled=&#8220;off&#8220; button_one_bg_color__hover_enabled=&#8220;on&#8220; button_one_bg_color__hover=&#8220;rgba(0,0,0,0)&#8220; button_two_bg_color__hover_enabled=&#8220;off&#8220; sticky_enabled=&#8220;0&#8243;]<\/p>\n<p>Aktivit\u00e4ten &amp; Gourmetgeschmack im Herzen der Ardennen&#8230;<\/p>\n<p>[\/et_pb_fullwidth_header][\/et_pb_section][et_pb_section fb_built=&#8220;1&#8243; _builder_version=&#8220;3.22&#8243; custom_padding=&#8220;69px||3px|||&#8220; global_colors_info=&#8220;{}&#8220;][et_pb_row column_structure=&#8220;1_2,1_2&#8243; _builder_version=&#8220;4.10.8&#8243; global_colors_info=&#8220;{}&#8220;][et_pb_column type=&#8220;1_2&#8243; _builder_version=&#8220;3.25&#8243; custom_padding=&#8220;|||&#8220; global_colors_info=&#8220;{}&#8220; custom_padding__hover=&#8220;|||&#8220;][et_pb_text admin_label=&#8220;Discover Beatuty Title&#8220; _builder_version=&#8220;4.10.8&#8243; text_font=&#8220;||||&#8220; text_text_color=&#8220;#1a1a1a&#8220; header_font=&#8220;Oswald|on||on|&#8220; header_text_align=&#8220;left&#8220; header_font_size=&#8220;60px&#8220; header_line_height=&#8220;1.3em&#8220; animation_style=&#8220;slide&#8220; animation_direction=&#8220;%22fade_in%22&#8243; animation_duration=&#8220;500ms&#8220; animation_intensity_slide=&#8220;10%&#8220; global_colors_info=&#8220;{}&#8220;]<\/p>\n<h1>Entdecken sie unsere region<\/h1>\n<p>[\/et_pb_text][et_pb_text admin_label=&#8220;Discover Beatuty Sub Title&#8220; _builder_version=&#8220;4.10.8&#8243; text_font=&#8220;ABeeZee||||||||&#8220; text_text_color=&#8220;#1a1a1a&#8220; text_font_size=&#8220;24px&#8220; text_line_height=&#8220;1.4em&#8220; animation_style=&#8220;slide&#8220; animation_direction=&#8220;top&#8220; animation_delay=&#8220;100ms&#8220; animation_intensity_slide=&#8220;10%&#8220; hover_enabled=&#8220;0&#8243; global_colors_info=&#8220;{}&#8220; sticky_enabled=&#8220;0&#8243;]<\/p>\n<p>Da Ihr Komfort unsere Priorit\u00e4t ist, machen wir Ihnen das Leben leichter mit unseren Packages, Golf, Naturausfl\u00fcgen, Gourmet-Restaurant&#8230;<\/p>\n<p>[\/et_pb_text][et_pb_divider color=&#8220;#BAA756&#8243; divider_position=&#8220;center&#8220; divider_weight=&#8220;3px&#8220; disabled_on=&#8220;off|off|off&#8220; _builder_version=&#8220;4.10.8&#8243; max_width=&#8220;150px&#8220; height=&#8220;false&#8220; animation_style=&#8220;slide&#8220; animation_direction=&#8220;top&#8220; animation_delay=&#8220;200ms&#8220; animation_intensity_slide=&#8220;10%&#8220; global_colors_info=&#8220;{}&#8220;][\/et_pb_divider][et_pb_text disabled_on=&#8220;on|on|off%22%22&#8243; admin_label=&#8220;Discover Beatuty Text&#8220; _builder_version=&#8220;4.10.8&#8243; text_font=&#8220;ABeeZee||||||||&#8220; text_font_size=&#8220;16px&#8220; text_line_height=&#8220;1.9em&#8220; custom_margin=&#8220;-5px|||||&#8220; custom_padding=&#8220;30px|||&#8220; animation_style=&#8220;slide&#8220; animation_direction=&#8220;top&#8220; animation_delay=&#8220;300ms&#8220; animation_intensity_slide=&#8220;10%&#8220; global_colors_info=&#8220;{}&#8220;]<\/p>\n<p>Ein idealer Ort, in der N\u00e4he der Wellen von Durbuy und M\u00e9an, aber vor allem mit h\u00e4ufigen M\u00f6glichkeiten wie 250 km geplante Wanderungen, einschlie\u00dflich Biberwanderungen, Parc Chlorophyl\u201c , Stra\u00dfenbahn touristique (20 km mit Stra\u00dfenbahnen der Vergangenheit), Chocoade Fabrik ed\u2026<br \/>F\u00fcr Ihren Komfort erleichtern wir Ihnen Ihren Aufenthalt mit unseren Golfkontakten, \u201eTramway\u201c , Schokoladenfabrik, Club aktiv (h\u00e4ufige sportliche Aktivit\u00e4ten); Um Wiederkraft zu sch\u00f6pfen, k\u00f6nnen Sie unser Restaurant besuchen.<br \/>Vergessen Sie nicht Ihre Wanderschuhe f\u00fcr unsere 250 km kartierten Touren, darunter Biber, Dolmen und Menhire von Weris\u2026<br \/>Defroidmont k\u00fcmmert sich um die Herstellung von k\u00f6stlicher Schokolade und zeigt seine Produktion.<br \/>Die Stra\u00dfenbahn Erez\u00e9e-Lamormenil , eine private Initiative (20km) nimmt Sie mit auf eine historische Tour mit restaurierten Waggons aus dem Anfang des letzten Jahrhunderts.<br \/>VTT, Quads, Kajak, Paintball, sind im Club aktiv auf 200m von l\u2019Affenage m\u00f6glich.<br \/>Die H\u00f6hlen von Hotton (10km) geh\u00f6ren zu den sch\u00f6nsten in Europa (Erbe Unesco)<br \/>Golf von Durbuy (5 km) und M\u00e9an (20 km). Wir k\u00f6nnen Ihre Greenfees reservieren.<br \/>In W\u00e9ris, unserem Nachbardorf, finden Sie Dolmens und Menhirs.<br \/>In Manhay (10 km) haben Sie ein Museum \u00fcber den Zweiten Weltkrieg.<br \/>Unsere lokale und handwerkliche Brauerei \u201eFant\u00f4me\u201c ist weltber\u00fchmt.<br \/>La Roche (20 km) mit seiner Feudalburg, T\u00f6pferei des La Roche, VTT Trail.<br \/>Achouffe (20 km) im Elfenvalei mit seinem Chouffe-Bier<br \/>Durbuy, kleinste Stadt der Welt (12 km).<\/p>\n<p>[\/et_pb_text][et_pb_image src=&#8220;https:\/\/affenage.com\/wp-content\/uploads\/2021\/10\/erezee-4.jpg&#8220; title_text=&#8220;erezee-4&#8243; force_fullwidth=&#8220;on&#8220; align_tablet=&#8220;center&#8220; align_phone=&#8220;&#8220; align_last_edited=&#8220;on|desktop&#8220; _builder_version=&#8220;4.10.8&#8243; custom_margin=&#8220;150px||||false|false&#8220; custom_margin_tablet=&#8220;&#8220; custom_margin_phone=&#8220;20px||||false|false&#8220; custom_margin_last_edited=&#8220;on|phone&#8220; animation_style=&#8220;fold&#8220; animation_direction=&#8220;right&#8220; animation_intensity_fold=&#8220;20%&#8220; animation=&#8220;fade_in&#8220; global_colors_info=&#8220;{}&#8220;][\/et_pb_image][\/et_pb_column][et_pb_column type=&#8220;1_2&#8243; _builder_version=&#8220;4.10.8&#8243; custom_padding=&#8220;|||50px|false|false&#8220; custom_padding_tablet=&#8220;|||0px|false|false&#8220; custom_padding_phone=&#8220;&#8220; custom_padding_last_edited=&#8220;on|tablet&#8220; global_colors_info=&#8220;{}&#8220; custom_padding__hover=&#8220;|||&#8220;][et_pb_image src=&#8220;https:\/\/affenage.com\/wp-content\/uploads\/2021\/10\/tramawy-2.jpg&#8220; title_text=&#8220;tramawy-2&#8243; force_fullwidth=&#8220;on&#8220; align_tablet=&#8220;center&#8220; align_phone=&#8220;&#8220; align_last_edited=&#8220;on|desktop&#8220; _builder_version=&#8220;4.10.8&#8243; custom_margin=&#8220;90px|||&#8220; animation_style=&#8220;fold&#8220; animation_direction=&#8220;right&#8220; animation_intensity_fold=&#8220;20%&#8220; animation=&#8220;fade_in&#8220; global_colors_info=&#8220;{}&#8220;][\/et_pb_image][et_pb_image src=&#8220;https:\/\/affenage.com\/wp-content\/uploads\/2021\/10\/erezee-2.jpg&#8220; title_text=&#8220;erezee-2&#8243; force_fullwidth=&#8220;on&#8220; align_tablet=&#8220;center&#8220; align_phone=&#8220;&#8220; align_last_edited=&#8220;on|desktop&#8220; _builder_version=&#8220;4.10.8&#8243; custom_margin=&#8220;49px|||||&#8220; animation_style=&#8220;fold&#8220; animation_direction=&#8220;right&#8220; animation_intensity_fold=&#8220;20%&#8220; animation=&#8220;fade_in&#8220; global_colors_info=&#8220;{}&#8220;][\/et_pb_image][et_pb_image src=&#8220;https:\/\/affenage.com\/wp-content\/uploads\/2021\/10\/erezee-6.jpg&#8220; title_text=&#8220;erezee-6&#8243; force_fullwidth=&#8220;on&#8220; align_tablet=&#8220;center&#8220; align_phone=&#8220;&#8220; align_last_edited=&#8220;on|desktop&#8220; _builder_version=&#8220;4.10.8&#8243; custom_margin=&#8220;90px|||&#8220; animation_style=&#8220;fold&#8220; animation_direction=&#8220;right&#8220; animation_intensity_fold=&#8220;20%&#8220; animation=&#8220;fade_in&#8220; global_colors_info=&#8220;{}&#8220;][\/et_pb_image][et_pb_image src=&#8220;https:\/\/affenage.com\/wp-content\/uploads\/2021\/10\/erezee-3-1.jpg&#8220; title_text=&#8220;erezee-3&#8243; force_fullwidth=&#8220;on&#8220; align_tablet=&#8220;center&#8220; align_phone=&#8220;&#8220; align_last_edited=&#8220;on|desktop&#8220; _builder_version=&#8220;4.10.8&#8243; custom_margin=&#8220;45px|||||&#8220; animation_style=&#8220;fold&#8220; animation_direction=&#8220;right&#8220; animation_intensity_fold=&#8220;20%&#8220; animation=&#8220;fade_in&#8220; global_colors_info=&#8220;{}&#8220;][\/et_pb_image][\/et_pb_column][\/et_pb_row][\/et_pb_section]<\/p>\n","protected":false},"excerpt":{"rendered":"<p>Aktivit\u00e4ten &amp; Gourmetgeschmack im Herzen der Ardennen&#8230;Entdecken sie unsere regionDa Ihr Komfort unsere Priorit\u00e4t ist, machen wir Ihnen das Leben leichter mit unseren Packages, Golf, Naturausfl\u00fcgen, Gourmet-Restaurant&#8230;Ein idealer Ort, in der N\u00e4he der Wellen von Durbuy und M\u00e9an, aber vor allem mit h\u00e4ufigen M\u00f6glichkeiten wie 250 km geplante Wanderungen, einschlie\u00dflich Biberwanderungen, Parc Chlorophyl\u201c , Stra\u00dfenbahn [&hellip;]<\/p>\n","protected":false},"author":1,"featured_media":0,"parent":0,"menu_order":0,"comment_status":"closed","ping_status":"closed","template":"","meta":{"_et_pb_use_builder":"on","_et_pb_old_content":"","_et_gb_content_width":"","footnotes":""},"class_list":["post-448","page","type-page","status-publish","hentry"],"yoast_head":"<!-- This site is optimized with the Yoast SEO plugin v27.2 - https:\/\/yoast.com\/product\/yoast-seo-wordpress\/ -->\n<title>La r\u00e9gion | Affenage<\/title>\n<meta name=\"robots\" content=\"index, follow, max-snippet:-1, max-image-preview:large, max-video-preview:-1\" \/>\n<link rel=\"canonical\" href=\"https:\/\/affenage.com\/de\/la-region-2\/\" \/>\n<meta property=\"og:locale\" content=\"de_DE\" \/>\n<meta property=\"og:type\" content=\"article\" \/>\n<meta property=\"og:title\" content=\"La r\u00e9gion | Affenage\" \/>\n<meta property=\"og:description\" content=\"Aktivit\u00e4ten &amp; Gourmetgeschmack im Herzen der Ardennen...Entdecken sie unsere regionDa Ihr Komfort unsere Priorit\u00e4t ist, machen wir Ihnen das Leben leichter mit unseren Packages, Golf, Naturausfl\u00fcgen, Gourmet-Restaurant...Ein idealer Ort, in der N\u00e4he der Wellen von Durbuy und M\u00e9an, aber vor allem mit h\u00e4ufigen M\u00f6glichkeiten wie 250 km geplante Wanderungen, einschlie\u00dflich Biberwanderungen, Parc Chlorophyl\u201c , Stra\u00dfenbahn [&hellip;]\" \/>\n<meta property=\"og:url\" content=\"https:\/\/affenage.com\/de\/la-region-2\/\" \/>\n<meta property=\"og:site_name\" content=\"Affenage\" \/>\n<meta property=\"article:publisher\" content=\"https:\/\/www.facebook.com\/laffenage\" \/>\n<meta property=\"article:modified_time\" content=\"2021-12-23T12:13:43+00:00\" \/>\n<meta name=\"twitter:card\" content=\"summary_large_image\" \/>\n<meta name=\"twitter:label1\" content=\"Gesch\u00e4tzte Lesezeit\" \/>\n\t<meta name=\"twitter:data1\" content=\"6\u00a0Minuten\" \/>\n<script type=\"application\/ld+json\" class=\"yoast-schema-graph\">{\"@context\":\"https:\/\/schema.org\",\"@graph\":[{\"@type\":\"WebPage\",\"@id\":\"https:\/\/affenage.com\/de\/la-region-2\/\",\"url\":\"https:\/\/affenage.com\/de\/la-region-2\/\",\"name\":\"La r\u00e9gion | Affenage\",\"isPartOf\":{\"@id\":\"https:\/\/affenage.com\/de\/#website\"},\"datePublished\":\"2021-09-25T09:43:44+00:00\",\"dateModified\":\"2021-12-23T12:13:43+00:00\",\"breadcrumb\":{\"@id\":\"https:\/\/affenage.com\/de\/la-region-2\/#breadcrumb\"},\"inLanguage\":\"de\",\"potentialAction\":[{\"@type\":\"ReadAction\",\"target\":[\"https:\/\/affenage.com\/de\/la-region-2\/\"]}]},{\"@type\":\"BreadcrumbList\",\"@id\":\"https:\/\/affenage.com\/de\/la-region-2\/#breadcrumb\",\"itemListElement\":[{\"@type\":\"ListItem\",\"position\":1,\"name\":\"Accueil\",\"item\":\"https:\/\/affenage.com\/de\/\"},{\"@type\":\"ListItem\",\"position\":2,\"name\":\"La r\u00e9gion\"}]},{\"@type\":\"WebSite\",\"@id\":\"https:\/\/affenage.com\/de\/#website\",\"url\":\"https:\/\/affenage.com\/de\/\",\"name\":\"L'Affenage\",\"description\":\"H\u00f4tel - Restaurant\",\"potentialAction\":[{\"@type\":\"SearchAction\",\"target\":{\"@type\":\"EntryPoint\",\"urlTemplate\":\"https:\/\/affenage.com\/de\/?s={search_term_string}\"},\"query-input\":{\"@type\":\"PropertyValueSpecification\",\"valueRequired\":true,\"valueName\":\"search_term_string\"}}],\"inLanguage\":\"de\"}]}<\/script>\n<!-- \/ Yoast SEO plugin. -->","yoast_head_json":{"title":"La r\u00e9gion | Affenage","robots":{"index":"index","follow":"follow","max-snippet":"max-snippet:-1","max-image-preview":"max-image-preview:large","max-video-preview":"max-video-preview:-1"},"canonical":"https:\/\/affenage.com\/de\/la-region-2\/","og_locale":"de_DE","og_type":"article","og_title":"La r\u00e9gion | Affenage","og_description":"Aktivit\u00e4ten &amp; Gourmetgeschmack im Herzen der Ardennen...Entdecken sie unsere regionDa Ihr Komfort unsere Priorit\u00e4t ist, machen wir Ihnen das Leben leichter mit unseren Packages, Golf, Naturausfl\u00fcgen, Gourmet-Restaurant...Ein idealer Ort, in der N\u00e4he der Wellen von Durbuy und M\u00e9an, aber vor allem mit h\u00e4ufigen M\u00f6glichkeiten wie 250 km geplante Wanderungen, einschlie\u00dflich Biberwanderungen, Parc Chlorophyl\u201c , Stra\u00dfenbahn [&hellip;]","og_url":"https:\/\/affenage.com\/de\/la-region-2\/","og_site_name":"Affenage","article_publisher":"https:\/\/www.facebook.com\/laffenage","article_modified_time":"2021-12-23T12:13:43+00:00","twitter_card":"summary_large_image","twitter_misc":{"Gesch\u00e4tzte Lesezeit":"6\u00a0Minuten"},"schema":{"@context":"https:\/\/schema.org","@graph":[{"@type":"WebPage","@id":"https:\/\/affenage.com\/de\/la-region-2\/","url":"https:\/\/affenage.com\/de\/la-region-2\/","name":"La r\u00e9gion | Affenage","isPartOf":{"@id":"https:\/\/affenage.com\/de\/#website"},"datePublished":"2021-09-25T09:43:44+00:00","dateModified":"2021-12-23T12:13:43+00:00","breadcrumb":{"@id":"https:\/\/affenage.com\/de\/la-region-2\/#breadcrumb"},"inLanguage":"de","potentialAction":[{"@type":"ReadAction","target":["https:\/\/affenage.com\/de\/la-region-2\/"]}]},{"@type":"BreadcrumbList","@id":"https:\/\/affenage.com\/de\/la-region-2\/#breadcrumb","itemListElement":[{"@type":"ListItem","position":1,"name":"Accueil","item":"https:\/\/affenage.com\/de\/"},{"@type":"ListItem","position":2,"name":"La r\u00e9gion"}]},{"@type":"WebSite","@id":"https:\/\/affenage.com\/de\/#website","url":"https:\/\/affenage.com\/de\/","name":"L'Affenage","description":"H\u00f4tel - Restaurant","potentialAction":[{"@type":"SearchAction","target":{"@type":"EntryPoint","urlTemplate":"https:\/\/affenage.com\/de\/?s={search_term_string}"},"query-input":{"@type":"PropertyValueSpecification","valueRequired":true,"valueName":"search_term_string"}}],"inLanguage":"de"}]}},"_links":{"self":[{"href":"https:\/\/affenage.com\/de\/wp-json\/wp\/v2\/pages\/448","targetHints":{"allow":["GET"]}}],"collection":[{"href":"https:\/\/affenage.com\/de\/wp-json\/wp\/v2\/pages"}],"about":[{"href":"https:\/\/affenage.com\/de\/wp-json\/wp\/v2\/types\/page"}],"author":[{"embeddable":true,"href":"https:\/\/affenage.com\/de\/wp-json\/wp\/v2\/users\/1"}],"replies":[{"embeddable":true,"href":"https:\/\/affenage.com\/de\/wp-json\/wp\/v2\/comments?post=448"}],"version-history":[{"count":5,"href":"https:\/\/affenage.com\/de\/wp-json\/wp\/v2\/pages\/448\/revisions"}],"predecessor-version":[{"id":1378,"href":"https:\/\/affenage.com\/de\/wp-json\/wp\/v2\/pages\/448\/revisions\/1378"}],"wp:attachment":[{"href":"https:\/\/affenage.com\/de\/wp-json\/wp\/v2\/media?parent=448"}],"curies":[{"name":"wp","href":"https:\/\/api.w.org\/{rel}","templated":true}]}}