{"id":432,"date":"2021-09-25T09:43:28","date_gmt":"2021-09-25T09:43:28","guid":{"rendered":"https:\/\/affenage.com\/contact\/"},"modified":"2022-02-11T09:55:53","modified_gmt":"2022-02-11T09:55:53","slug":"contact","status":"publish","type":"page","link":"https:\/\/affenage.com\/de\/contact\/","title":{"rendered":"Contact"},"content":{"rendered":"<p>[et_pb_section fb_built=&#8220;1&#8243; inner_shadow=&#8220;on&#8220; _builder_version=&#8220;4.10.8&#8243; _module_preset=&#8220;default&#8220; background_image=&#8220;https:\/\/affenage.com\/wp-content\/uploads\/2021\/09\/raviole-scaled.jpeg&#8220; global_colors_info=&#8220;{}&#8220;][et_pb_row make_equal=&#8220;on&#8220; _builder_version=&#8220;4.10.8&#8243; _module_preset=&#8220;default&#8220; width=&#8220;100%&#8220; max_width=&#8220;1920px&#8220; global_colors_info=&#8220;{}&#8220;][et_pb_column type=&#8220;4_4&#8243; _builder_version=&#8220;4.10.8&#8243; _module_preset=&#8220;default&#8220; global_colors_info=&#8220;{}&#8220;][et_pb_text _builder_version=&#8220;4.10.8&#8243; _module_preset=&#8220;default&#8220; text_font=&#8220;ABeeZee|||on|||||&#8220; text_text_color=&#8220;#FFFFFF&#8220; text_font_size=&#8220;61px&#8220; background_enable_image=&#8220;off&#8220; text_orientation=&#8220;center&#8220; width=&#8220;100%&#8220; max_width=&#8220;1920px&#8220; custom_padding=&#8220;100px||100px||false|false&#8220; global_colors_info=&#8220;{}&#8220;][\/et_pb_text][\/et_pb_column][\/et_pb_row][\/et_pb_section][et_pb_section fb_built=&#8220;1&#8243; custom_padding_last_edited=&#8220;on|tablet&#8220; admin_label=&#8220;Contact Form&#8220; _builder_version=&#8220;4.10.8&#8243; background_color=&#8220;#f9f9f9&#8243; custom_margin=&#8220;-27px|||||&#8220; custom_padding=&#8220;70px||110px|||&#8220; custom_padding_tablet=&#8220;60px|||&#8220; custom_padding_phone=&#8220;&#8220; bottom_divider_color=&#8220;#212121&#8243; bottom_divider_height=&#8220;69px&#8220; global_colors_info=&#8220;{}&#8220; theme_builder_area=&#8220;post_content&#8220;][et_pb_row column_structure=&#8220;1_2,1_2&#8243; _builder_version=&#8220;3.25&#8243; background_size=&#8220;initial&#8220; background_position=&#8220;top_left&#8220; background_repeat=&#8220;repeat&#8220; global_colors_info=&#8220;{}&#8220; theme_builder_area=&#8220;post_content&#8220;][et_pb_column type=&#8220;1_2&#8243; _builder_version=&#8220;3.25&#8243; custom_padding=&#8220;|||&#8220; global_colors_info=&#8220;{}&#8220; custom_padding__hover=&#8220;|||&#8220; theme_builder_area=&#8220;post_content&#8220;][et_pb_text admin_label=&#8220;Contact Title&#8220; _builder_version=&#8220;4.14.6&#8243; text_font=&#8220;||||&#8220; text_text_color=&#8220;#1a1a1a&#8220; header_font=&#8220;Oswald|on||on|&#8220; header_text_align=&#8220;left&#8220; header_font_size=&#8220;60px&#8220; header_line_height=&#8220;1.3em&#8220; background_size=&#8220;initial&#8220; background_position=&#8220;top_left&#8220; background_repeat=&#8220;repeat&#8220; max_width=&#8220;450px&#8220; custom_margin=&#8220;|||&#8220; custom_padding=&#8220;|||&#8220; animation_style=&#8220;slide&#8220; animation_direction=&#8220;top&#8220; animation_intensity_slide=&#8220;10%&#8220; locked=&#8220;off&#8220; global_colors_info=&#8220;{}&#8220; theme_builder_area=&#8220;post_content&#8220;]<a name=\"contact-de\"><\/p>\n<h1>uns kontaktieren<\/h1>\n<p><\/a>[\/et_pb_text][et_pb_divider color=&#8220;#BAA756&#8243; divider_position=&#8220;center&#8220; divider_weight=&#8220;3px&#8220; disabled_on=&#8220;off|off|off%22&#8243; admin_label=&#8220;Divider&#8220; _builder_version=&#8220;4.10.8&#8243; max_width=&#8220;150px&#8220; height=&#8220;false&#8220; custom_margin=&#8220;30px|||&#8220; animation_style=&#8220;slide&#8220; animation_direction=&#8220;top&#8220; animation_delay=&#8220;100ms&#8220; animation_intensity_slide=&#8220;10%&#8220; locked=&#8220;off&#8220; global_colors_info=&#8220;{}&#8220; theme_builder_area=&#8220;post_content&#8220;][\/et_pb_divider][et_pb_text admin_label=&#8220;Contact Subtitle&#8220; _builder_version=&#8220;4.10.8&#8243; text_font=&#8220;ABeeZee||||||||&#8220; text_text_color=&#8220;#1a1a1a&#8220; text_font_size=&#8220;24px&#8220; text_line_height=&#8220;1.4em&#8220; background_size=&#8220;initial&#8220; background_position=&#8220;top_left&#8220; background_repeat=&#8220;repeat&#8220; max_width=&#8220;450px&#8220; custom_margin=&#8220;||57px|||&#8220; custom_padding=&#8220;30px|||&#8220; animation_style=&#8220;slide&#8220; animation_direction=&#8220;top&#8220; animation_delay=&#8220;200ms&#8220; animation_intensity_slide=&#8220;10%&#8220; locked=&#8220;off&#8220; global_colors_info=&#8220;{}&#8220; theme_builder_area=&#8220;post_content&#8220;]<\/p>\n<p>Z\u00f6gern Sie nicht, uns zu kontaktieren. Wir werden Ihnen so schnell wie m\u00f6glich antworten!<\/p>\n<p>[\/et_pb_text][et_pb_text admin_label=&#8220;Contact Title&#8220; _builder_version=&#8220;4.10.8&#8243; text_font=&#8220;||||&#8220; text_text_color=&#8220;#1a1a1a&#8220; header_font=&#8220;Oswald|on||on|&#8220; header_text_align=&#8220;left&#8220; header_font_size=&#8220;60px&#8220; header_line_height=&#8220;1.3em&#8220; background_size=&#8220;initial&#8220; background_position=&#8220;top_left&#8220; background_repeat=&#8220;repeat&#8220; max_width=&#8220;450px&#8220; custom_margin=&#8220;|||&#8220; custom_padding=&#8220;|||&#8220; animation_style=&#8220;slide&#8220; animation_direction=&#8220;top&#8220; animation_intensity_slide=&#8220;10%&#8220; locked=&#8220;off&#8220; global_colors_info=&#8220;{}&#8220; theme_builder_area=&#8220;post_content&#8220;]<\/p>\n<h1>\u00d6ffnungszeit<\/h1>\n<p>[\/et_pb_text][et_pb_divider color=&#8220;#BAA756&#8243; divider_position=&#8220;center&#8220; divider_weight=&#8220;3px&#8220; disabled_on=&#8220;off|off|off%22&#8243; admin_label=&#8220;Divider&#8220; _builder_version=&#8220;4.10.8&#8243; max_width=&#8220;150px&#8220; height=&#8220;false&#8220; custom_margin=&#8220;30px|||&#8220; animation_style=&#8220;slide&#8220; animation_direction=&#8220;top&#8220; animation_delay=&#8220;100ms&#8220; animation_intensity_slide=&#8220;10%&#8220; locked=&#8220;off&#8220; global_colors_info=&#8220;{}&#8220; theme_builder_area=&#8220;post_content&#8220;][\/et_pb_divider][et_pb_text admin_label=&#8220;Contact Text&#8220; _builder_version=&#8220;4.10.8&#8243; text_font=&#8220;ABeeZee||||||||&#8220; text_font_size=&#8220;16px&#8220; text_line_height=&#8220;1.9em&#8220; background_size=&#8220;initial&#8220; background_position=&#8220;top_left&#8220; background_repeat=&#8220;repeat&#8220; max_width=&#8220;450px&#8220; custom_margin=&#8220;-1px|||||&#8220; custom_padding=&#8220;||60px|&#8220; animation_style=&#8220;slide&#8220; animation_direction=&#8220;top&#8220; animation_delay=&#8220;400ms&#8220; animation_intensity_slide=&#8220;4%&#8220; locked=&#8220;off&#8220; global_colors_info=&#8220;{}&#8220; theme_builder_area=&#8220;post_content&#8220;]<\/p>\n<p>Wir begr\u00fc\u00dfen Sie am Dienstag, Mittwoch, Donnerstag, Freitag &amp; Samstag von 19:00 bis 20:30 Uhr.<\/p>\n<p>F\u00fcr Reservierungen k\u00f6nnen Sie uns auch au\u00dferhalb der \u00d6ffnungszeiten kontaktieren.<\/p>\n<p>[\/et_pb_text][et_pb_text admin_label=&#8220;Contact Title&#8220; _builder_version=&#8220;4.10.8&#8243; text_font=&#8220;||||&#8220; text_text_color=&#8220;#1a1a1a&#8220; header_font=&#8220;Oswald|on||on|&#8220; header_text_align=&#8220;left&#8220; header_font_size=&#8220;60px&#8220; header_line_height=&#8220;1.3em&#8220; background_size=&#8220;initial&#8220; background_position=&#8220;top_left&#8220; background_repeat=&#8220;repeat&#8220; max_width=&#8220;450px&#8220; custom_margin=&#8220;|||&#8220; custom_padding=&#8220;|||&#8220; animation_style=&#8220;slide&#8220; animation_direction=&#8220;top&#8220; animation_intensity_slide=&#8220;10%&#8220; locked=&#8220;off&#8220; global_colors_info=&#8220;{}&#8220; theme_builder_area=&#8220;post_content&#8220;]<\/p>\n<h1>Route<\/h1>\n<p>[\/et_pb_text][et_pb_divider color=&#8220;#BAA756&#8243; divider_position=&#8220;center&#8220; divider_weight=&#8220;3px&#8220; disabled_on=&#8220;off|off|off%22&#8243; admin_label=&#8220;Divider&#8220; _builder_version=&#8220;4.10.8&#8243; max_width=&#8220;150px&#8220; height=&#8220;false&#8220; custom_margin=&#8220;30px|||&#8220; animation_style=&#8220;slide&#8220; animation_direction=&#8220;top&#8220; animation_delay=&#8220;100ms&#8220; animation_intensity_slide=&#8220;10%&#8220; locked=&#8220;off&#8220; global_colors_info=&#8220;{}&#8220; theme_builder_area=&#8220;post_content&#8220;][\/et_pb_divider][et_pb_text admin_label=&#8220;Contact Text&#8220; _builder_version=&#8220;4.10.8&#8243; text_font=&#8220;ABeeZee||||||||&#8220; text_font_size=&#8220;16px&#8220; text_line_height=&#8220;1.9em&#8220; background_size=&#8220;initial&#8220; background_position=&#8220;top_left&#8220; background_repeat=&#8220;repeat&#8220; max_width=&#8220;450px&#8220; custom_margin=&#8220;-1px|||||&#8220; custom_padding=&#8220;||60px|&#8220; animation_style=&#8220;slide&#8220; animation_direction=&#8220;top&#8220; animation_delay=&#8220;400ms&#8220; animation_intensity_slide=&#8220;4%&#8220; locked=&#8220;off&#8220; global_colors_info=&#8220;{}&#8220; theme_builder_area=&#8220;post_content&#8220;]<\/p>\n<p style=\"text-align: justify;\">Das Hotel Affenage befindet sich in Erez\u00e9e, in der Provinz Luxemburg, nur wenige Kilometer von Durbuy entfernt. Eine ideale Lage am Rande des Ardenner Waldes, einem charmanten Reiseziel mit au\u00dfergew\u00f6hnlichen nat\u00fcrlichen Vorz\u00fcgen.<br \/>Das Hotel Affenage ist mit dem Auto leicht \u00fcber die Autobahn E411 von Br\u00fcssel, die N983 von Namur und die E25 von L\u00fcttich aus zu erreichen. Es ist ein idealer Zwischenstopp f\u00fcr ein Wochenende, einen romantischen Aufenthalt oder einen Urlaub in den Ardennen.<\/p>\n<p>[\/et_pb_text][\/et_pb_column][et_pb_column type=&#8220;1_2&#8243; _builder_version=&#8220;3.25&#8243; custom_padding=&#8220;|||&#8220; global_colors_info=&#8220;{}&#8220; custom_padding__hover=&#8220;|||&#8220; theme_builder_area=&#8220;post_content&#8220;][et_pb_contact_form captcha=&#8220;off&#8220; email=&#8220;affenage.erezee@gmail.com&#8220; submit_button_text=&#8220;Senden Sie&#8220; module_id=&#8220;et_pb_contact_form_0&#8243; _builder_version=&#8220;4.14.6&#8243; _unique_id=&#8220;b041c31c-961d-49bc-8b68-7db4caa4d7f2&#8243; form_field_background_color=&#8220;#ffffff&#8220; form_field_font=&#8220;Roboto|on|||&#8220; form_field_font_size=&#8220;16px&#8220; custom_button=&#8220;on&#8220; button_text_size=&#8220;14px&#8220; button_text_color=&#8220;#FFFFFF&#8220; button_bg_color=&#8220;#BAA756&#8243; button_border_width=&#8220;2px&#8220; button_border_color=&#8220;#BAA756&#8243; button_border_radius=&#8220;0px&#8220; button_letter_spacing=&#8220;0px&#8220; button_font=&#8220;|on||on|&#8220; button_icon=&#8220;&#x24;||divi||400&#8243; button_icon_color=&#8220;#FFFFFF&#8220; custom_margin=&#8220;12px|||&#8220; animation_style=&#8220;fold&#8220; animation_direction=&#8220;right&#8220; animation_intensity_fold=&#8220;20%&#8220; border_width_all=&#8220;1px&#8220; border_color_all=&#8220;rgba(0,0,0,0.12)&#8220; border_style_all=&#8220;solid&#8220; use_border_color=&#8220;on&#8220; border_color=&#8220;rgba(0,0,0,0.12)&#8220; form_background_color=&#8220;#ffffff&#8220; locked=&#8220;off&#8220; global_colors_info=&#8220;{}&#8220; button_text_color_hover=&#8220;#1a1a1a&#8220; button_bg_color_hover=&#8220;rgba(255,255,255,0)&#8220; button_border_color_hover=&#8220;#1a1a1a&#8220; button_border_radius_hover=&#8220;0px&#8220; button_letter_spacing_hover=&#8220;4px&#8220; theme_builder_area=&#8220;post_content&#8220;][et_pb_contact_field field_id=&#8220;Name&#8220; field_title=&#8220;Name &#038; Vorname&#8220; fullwidth_field=&#8220;on&#8220; _builder_version=&#8220;4.10.8&#8243; global_colors_info=&#8220;{}&#8220; button_text_size__hover_enabled=&#8220;off&#8220; button_one_text_size__hover_enabled=&#8220;off&#8220; button_two_text_size__hover_enabled=&#8220;off&#8220; button_text_color__hover_enabled=&#8220;off&#8220; button_one_text_color__hover_enabled=&#8220;off&#8220; button_two_text_color__hover_enabled=&#8220;off&#8220; button_border_width__hover_enabled=&#8220;off&#8220; button_one_border_width__hover_enabled=&#8220;off&#8220; button_two_border_width__hover_enabled=&#8220;off&#8220; button_border_color__hover_enabled=&#8220;off&#8220; button_one_border_color__hover_enabled=&#8220;off&#8220; button_two_border_color__hover_enabled=&#8220;off&#8220; button_border_radius__hover_enabled=&#8220;off&#8220; button_one_border_radius__hover_enabled=&#8220;off&#8220; button_two_border_radius__hover_enabled=&#8220;off&#8220; button_letter_spacing__hover_enabled=&#8220;off&#8220; button_one_letter_spacing__hover_enabled=&#8220;off&#8220; button_two_letter_spacing__hover_enabled=&#8220;off&#8220; button_bg_color__hover_enabled=&#8220;off&#8220; button_one_bg_color__hover_enabled=&#8220;off&#8220; button_two_bg_color__hover_enabled=&#8220;off&#8220; theme_builder_area=&#8220;post_content&#8220;][\/et_pb_contact_field][et_pb_contact_field field_id=&#8220;Email&#8220; field_title=&#8220;E-Mail-Adresse&#8220; field_type=&#8220;email&#8220; fullwidth_field=&#8220;on&#8220; _builder_version=&#8220;4.10.8&#8243; global_colors_info=&#8220;{}&#8220; button_text_size__hover_enabled=&#8220;off&#8220; button_one_text_size__hover_enabled=&#8220;off&#8220; button_two_text_size__hover_enabled=&#8220;off&#8220; button_text_color__hover_enabled=&#8220;off&#8220; button_one_text_color__hover_enabled=&#8220;off&#8220; button_two_text_color__hover_enabled=&#8220;off&#8220; button_border_width__hover_enabled=&#8220;off&#8220; button_one_border_width__hover_enabled=&#8220;off&#8220; button_two_border_width__hover_enabled=&#8220;off&#8220; button_border_color__hover_enabled=&#8220;off&#8220; button_one_border_color__hover_enabled=&#8220;off&#8220; button_two_border_color__hover_enabled=&#8220;off&#8220; button_border_radius__hover_enabled=&#8220;off&#8220; button_one_border_radius__hover_enabled=&#8220;off&#8220; button_two_border_radius__hover_enabled=&#8220;off&#8220; button_letter_spacing__hover_enabled=&#8220;off&#8220; button_one_letter_spacing__hover_enabled=&#8220;off&#8220; button_two_letter_spacing__hover_enabled=&#8220;off&#8220; button_bg_color__hover_enabled=&#8220;off&#8220; button_one_bg_color__hover_enabled=&#8220;off&#8220; button_two_bg_color__hover_enabled=&#8220;off&#8220; theme_builder_area=&#8220;post_content&#8220;][\/et_pb_contact_field][et_pb_contact_field field_id=&#8220;Phone&#8220; field_title=&#8220;Telefon&#8220; allowed_symbols=&#8220;numbers&#8220; fullwidth_field=&#8220;on&#8220; _builder_version=&#8220;4.10.8&#8243; global_colors_info=&#8220;{}&#8220; button_text_size__hover_enabled=&#8220;off&#8220; button_one_text_size__hover_enabled=&#8220;off&#8220; button_two_text_size__hover_enabled=&#8220;off&#8220; button_text_color__hover_enabled=&#8220;off&#8220; button_one_text_color__hover_enabled=&#8220;off&#8220; button_two_text_color__hover_enabled=&#8220;off&#8220; button_border_width__hover_enabled=&#8220;off&#8220; button_one_border_width__hover_enabled=&#8220;off&#8220; button_two_border_width__hover_enabled=&#8220;off&#8220; button_border_color__hover_enabled=&#8220;off&#8220; button_one_border_color__hover_enabled=&#8220;off&#8220; button_two_border_color__hover_enabled=&#8220;off&#8220; button_border_radius__hover_enabled=&#8220;off&#8220; button_one_border_radius__hover_enabled=&#8220;off&#8220; button_two_border_radius__hover_enabled=&#8220;off&#8220; button_letter_spacing__hover_enabled=&#8220;off&#8220; button_one_letter_spacing__hover_enabled=&#8220;off&#8220; button_two_letter_spacing__hover_enabled=&#8220;off&#8220; button_bg_color__hover_enabled=&#8220;off&#8220; button_one_bg_color__hover_enabled=&#8220;off&#8220; button_two_bg_color__hover_enabled=&#8220;off&#8220; theme_builder_area=&#8220;post_content&#8220;][\/et_pb_contact_field][et_pb_contact_field field_id=&#8220;Message&#8220; field_title=&#8220;Nachricht&#8220; field_type=&#8220;text&#8220; fullwidth_field=&#8220;on&#8220; _builder_version=&#8220;4.10.8&#8243; global_colors_info=&#8220;{}&#8220; button_text_size__hover_enabled=&#8220;off&#8220; button_one_text_size__hover_enabled=&#8220;off&#8220; button_two_text_size__hover_enabled=&#8220;off&#8220; button_text_color__hover_enabled=&#8220;off&#8220; button_one_text_color__hover_enabled=&#8220;off&#8220; button_two_text_color__hover_enabled=&#8220;off&#8220; button_border_width__hover_enabled=&#8220;off&#8220; button_one_border_width__hover_enabled=&#8220;off&#8220; button_two_border_width__hover_enabled=&#8220;off&#8220; button_border_color__hover_enabled=&#8220;off&#8220; button_one_border_color__hover_enabled=&#8220;off&#8220; button_two_border_color__hover_enabled=&#8220;off&#8220; button_border_radius__hover_enabled=&#8220;off&#8220; button_one_border_radius__hover_enabled=&#8220;off&#8220; button_two_border_radius__hover_enabled=&#8220;off&#8220; button_letter_spacing__hover_enabled=&#8220;off&#8220; button_one_letter_spacing__hover_enabled=&#8220;off&#8220; button_two_letter_spacing__hover_enabled=&#8220;off&#8220; button_bg_color__hover_enabled=&#8220;off&#8220; button_one_bg_color__hover_enabled=&#8220;off&#8220; button_two_bg_color__hover_enabled=&#8220;off&#8220; theme_builder_area=&#8220;post_content&#8220;][\/et_pb_contact_field][\/et_pb_contact_form][et_pb_code _builder_version=&#8220;4.10.8&#8243; _module_preset=&#8220;default&#8220; global_colors_info=&#8220;{}&#8220; theme_builder_area=&#8220;post_content&#8220;]<pee><iframe loading=\"lazy\" style=\"border: 0;\" src=\"https:\/\/www.google.com\/maps\/embed?pb=!1m14!1m8!1m3!1d10199.230071431728!2d5.5453701!3d50.2768525!3m2!1i1024!2i768!4f13.1!3m3!1m2!1s0x0%3A0x58f09073d070b14f!2sAffenage!5e0!3m2!1sfr!2sbe!4v1633338033540!5m2!1sfr!2sbe\" width=\"600\" height=\"750\" allowfullscreen=\"allowfullscreen\"><\/iframe><\/pee>[\/et_pb_code][et_pb_code _builder_version=&#8220;4.10.8&#8243; _module_preset=&#8220;default&#8220; global_colors_info=&#8220;{}&#8220; theme_builder_area=&#8220;post_content&#8220;][\/et_pb_code][\/et_pb_column][\/et_pb_row][\/et_pb_section]<\/p>\n","protected":false},"excerpt":{"rendered":"<p>uns kontaktierenZ\u00f6gern Sie nicht, uns zu kontaktieren. Wir werden Ihnen so schnell wie m\u00f6glich antworten!\u00d6ffnungszeitWir begr\u00fc\u00dfen Sie am Dienstag, Mittwoch, Donnerstag, Freitag &amp; Samstag von 19:00 bis 20:30 Uhr. F\u00fcr Reservierungen k\u00f6nnen Sie uns auch au\u00dferhalb der \u00d6ffnungszeiten kontaktieren.RouteDas Hotel Affenage befindet sich in Erez\u00e9e, in der Provinz Luxemburg, nur wenige Kilometer von Durbuy entfernt. [&hellip;]<\/p>\n","protected":false},"author":1,"featured_media":0,"parent":0,"menu_order":0,"comment_status":"closed","ping_status":"closed","template":"","meta":{"_et_pb_use_builder":"on","_et_pb_old_content":"","_et_gb_content_width":"","footnotes":""},"class_list":["post-432","page","type-page","status-publish","hentry"],"yoast_head":"<!-- This site is optimized with the Yoast SEO plugin v27.2 - https:\/\/yoast.com\/product\/yoast-seo-wordpress\/ -->\n<title>Contact | Affenage<\/title>\n<meta name=\"robots\" content=\"index, follow, max-snippet:-1, max-image-preview:large, max-video-preview:-1\" \/>\n<link rel=\"canonical\" href=\"https:\/\/affenage.com\/de\/contact\/\" \/>\n<meta property=\"og:locale\" content=\"de_DE\" \/>\n<meta property=\"og:type\" content=\"article\" \/>\n<meta property=\"og:title\" content=\"Contact | Affenage\" \/>\n<meta property=\"og:description\" content=\"uns kontaktierenZ\u00f6gern Sie nicht, uns zu kontaktieren. Wir werden Ihnen so schnell wie m\u00f6glich antworten!\u00d6ffnungszeitWir begr\u00fc\u00dfen Sie am Dienstag, Mittwoch, Donnerstag, Freitag &amp; Samstag von 19:00 bis 20:30 Uhr. F\u00fcr Reservierungen k\u00f6nnen Sie uns auch au\u00dferhalb der \u00d6ffnungszeiten kontaktieren.RouteDas Hotel Affenage befindet sich in Erez\u00e9e, in der Provinz Luxemburg, nur wenige Kilometer von Durbuy entfernt. [&hellip;]\" \/>\n<meta property=\"og:url\" content=\"https:\/\/affenage.com\/de\/contact\/\" \/>\n<meta property=\"og:site_name\" content=\"Affenage\" \/>\n<meta property=\"article:publisher\" content=\"https:\/\/www.facebook.com\/laffenage\" \/>\n<meta property=\"article:modified_time\" content=\"2022-02-11T09:55:53+00:00\" \/>\n<meta name=\"twitter:card\" content=\"summary_large_image\" \/>\n<meta name=\"twitter:label1\" content=\"Gesch\u00e4tzte Lesezeit\" \/>\n\t<meta name=\"twitter:data1\" content=\"9\u00a0Minuten\" \/>\n<script type=\"application\/ld+json\" class=\"yoast-schema-graph\">{\"@context\":\"https:\/\/schema.org\",\"@graph\":[{\"@type\":\"WebPage\",\"@id\":\"https:\/\/affenage.com\/de\/contact\/\",\"url\":\"https:\/\/affenage.com\/de\/contact\/\",\"name\":\"Contact | Affenage\",\"isPartOf\":{\"@id\":\"https:\/\/affenage.com\/de\/#website\"},\"datePublished\":\"2021-09-25T09:43:28+00:00\",\"dateModified\":\"2022-02-11T09:55:53+00:00\",\"breadcrumb\":{\"@id\":\"https:\/\/affenage.com\/de\/contact\/#breadcrumb\"},\"inLanguage\":\"de\",\"potentialAction\":[{\"@type\":\"ReadAction\",\"target\":[\"https:\/\/affenage.com\/de\/contact\/\"]}]},{\"@type\":\"BreadcrumbList\",\"@id\":\"https:\/\/affenage.com\/de\/contact\/#breadcrumb\",\"itemListElement\":[{\"@type\":\"ListItem\",\"position\":1,\"name\":\"Accueil\",\"item\":\"https:\/\/affenage.com\/de\/\"},{\"@type\":\"ListItem\",\"position\":2,\"name\":\"Contact\"}]},{\"@type\":\"WebSite\",\"@id\":\"https:\/\/affenage.com\/de\/#website\",\"url\":\"https:\/\/affenage.com\/de\/\",\"name\":\"L'Affenage\",\"description\":\"H\u00f4tel - Restaurant\",\"potentialAction\":[{\"@type\":\"SearchAction\",\"target\":{\"@type\":\"EntryPoint\",\"urlTemplate\":\"https:\/\/affenage.com\/de\/?s={search_term_string}\"},\"query-input\":{\"@type\":\"PropertyValueSpecification\",\"valueRequired\":true,\"valueName\":\"search_term_string\"}}],\"inLanguage\":\"de\"}]}<\/script>\n<!-- \/ Yoast SEO plugin. -->","yoast_head_json":{"title":"Contact | Affenage","robots":{"index":"index","follow":"follow","max-snippet":"max-snippet:-1","max-image-preview":"max-image-preview:large","max-video-preview":"max-video-preview:-1"},"canonical":"https:\/\/affenage.com\/de\/contact\/","og_locale":"de_DE","og_type":"article","og_title":"Contact | Affenage","og_description":"uns kontaktierenZ\u00f6gern Sie nicht, uns zu kontaktieren. Wir werden Ihnen so schnell wie m\u00f6glich antworten!\u00d6ffnungszeitWir begr\u00fc\u00dfen Sie am Dienstag, Mittwoch, Donnerstag, Freitag &amp; Samstag von 19:00 bis 20:30 Uhr. F\u00fcr Reservierungen k\u00f6nnen Sie uns auch au\u00dferhalb der \u00d6ffnungszeiten kontaktieren.RouteDas Hotel Affenage befindet sich in Erez\u00e9e, in der Provinz Luxemburg, nur wenige Kilometer von Durbuy entfernt. [&hellip;]","og_url":"https:\/\/affenage.com\/de\/contact\/","og_site_name":"Affenage","article_publisher":"https:\/\/www.facebook.com\/laffenage","article_modified_time":"2022-02-11T09:55:53+00:00","twitter_card":"summary_large_image","twitter_misc":{"Gesch\u00e4tzte Lesezeit":"9\u00a0Minuten"},"schema":{"@context":"https:\/\/schema.org","@graph":[{"@type":"WebPage","@id":"https:\/\/affenage.com\/de\/contact\/","url":"https:\/\/affenage.com\/de\/contact\/","name":"Contact | Affenage","isPartOf":{"@id":"https:\/\/affenage.com\/de\/#website"},"datePublished":"2021-09-25T09:43:28+00:00","dateModified":"2022-02-11T09:55:53+00:00","breadcrumb":{"@id":"https:\/\/affenage.com\/de\/contact\/#breadcrumb"},"inLanguage":"de","potentialAction":[{"@type":"ReadAction","target":["https:\/\/affenage.com\/de\/contact\/"]}]},{"@type":"BreadcrumbList","@id":"https:\/\/affenage.com\/de\/contact\/#breadcrumb","itemListElement":[{"@type":"ListItem","position":1,"name":"Accueil","item":"https:\/\/affenage.com\/de\/"},{"@type":"ListItem","position":2,"name":"Contact"}]},{"@type":"WebSite","@id":"https:\/\/affenage.com\/de\/#website","url":"https:\/\/affenage.com\/de\/","name":"L'Affenage","description":"H\u00f4tel - Restaurant","potentialAction":[{"@type":"SearchAction","target":{"@type":"EntryPoint","urlTemplate":"https:\/\/affenage.com\/de\/?s={search_term_string}"},"query-input":{"@type":"PropertyValueSpecification","valueRequired":true,"valueName":"search_term_string"}}],"inLanguage":"de"}]}},"_links":{"self":[{"href":"https:\/\/affenage.com\/de\/wp-json\/wp\/v2\/pages\/432","targetHints":{"allow":["GET"]}}],"collection":[{"href":"https:\/\/affenage.com\/de\/wp-json\/wp\/v2\/pages"}],"about":[{"href":"https:\/\/affenage.com\/de\/wp-json\/wp\/v2\/types\/page"}],"author":[{"embeddable":true,"href":"https:\/\/affenage.com\/de\/wp-json\/wp\/v2\/users\/1"}],"replies":[{"embeddable":true,"href":"https:\/\/affenage.com\/de\/wp-json\/wp\/v2\/comments?post=432"}],"version-history":[{"count":9,"href":"https:\/\/affenage.com\/de\/wp-json\/wp\/v2\/pages\/432\/revisions"}],"predecessor-version":[{"id":1582,"href":"https:\/\/affenage.com\/de\/wp-json\/wp\/v2\/pages\/432\/revisions\/1582"}],"wp:attachment":[{"href":"https:\/\/affenage.com\/de\/wp-json\/wp\/v2\/media?parent=432"}],"curies":[{"name":"wp","href":"https:\/\/api.w.org\/{rel}","templated":true}]}}